{"id":114011,"date":"2018-05-16T09:33:47","date_gmt":"2018-05-16T08:33:47","guid":{"rendered":"https:\/\/www.contract-alert.com\/?page_id=114011\/"},"modified":"2021-07-27T11:01:43","modified_gmt":"2021-07-27T10:01:43","slug":"confidentialite","status":"publish","type":"page","link":"https:\/\/www.contract-alert.com\/fr\/confidentialite\/","title":{"rendered":"Confidentialit\u00e9 et Cookies"},"content":{"rendered":"<p>La protection de votre sph\u00e8re priv\u00e9e est tr\u00e8s importante pour nous. Dans les passages qui suivent, nous vous donnons des informations compl\u00e8tes sur la mani\u00e8re dont nous traitons vos donn\u00e9es.<\/p>\n<p><strong>Enregistrement de donn\u00e9es d\u2018acc\u00e8s dans des fichiers journaux du serveur<\/strong><\/p>\n<p>Vous pouvez vous rendre sur nos sites Web sans donner d\u2019indications au sujet de votre personne. Nous enregistrons uniquement les donn\u00e9es d\u2019acc\u00e8s dans ce qui s\u2019appelle fichiers \u00ab\u00a0log\u00a0\u00bb, c\u2019est-\u00e0-dire des fichiers journaux du serveur, comme par exemple le nom du fichier consult\u00e9, le type de navigateur, l\u2019adresse IP, la date et l\u2019heure de la consultation, la quantit\u00e9 de donn\u00e9es transf\u00e9r\u00e9es et le fournisseur Internet qui est l\u2019auteur de la consultation. Ces donn\u00e9es sont exploit\u00e9es exclusivement pour assurer le fonctionnement harmonieux de la page Web consid\u00e9r\u00e9e et am\u00e9liorer notre offre et ne nous permettent pas de d\u00e9duire quoique ce soit pour arriver \u00e0 votre personne.<\/p>\n<p><strong>Collecte et utilisation des donn\u00e9es<\/strong><\/p>\n<p>Nous collectons des donn\u00e9es personnelles si vous nous les communiquez dans le cadre de votre inscription ou en prenant contact avec nous. Quant \u00e0 savoir quelles donn\u00e9es sont collect\u00e9es, il est possible de le voir dans chacun des formulaires de saisie. Nous utilisons les donn\u00e9es que vous nous communiquez pour traiter vos demandes de renseignement.<\/p>\n<p>Nous attirons votre attention sur le fait que le transfert de donn\u00e9es par Internet (par ex., en communiquant par e-mail) peut pr\u00e9senter des failles de s\u00e9curit\u00e9. La possibilit\u00e9 de prot\u00e9ger sans aucune faille les donn\u00e9es de l\u2019acc\u00e8s des tiers n\u2019existe pas.<\/p>\n<p>Les donn\u00e9es personnelles qui nous sont transmises sont enregistr\u00e9es dans un syst\u00e8me CRM ainsi que dans l\u2019application Contract Alert qui est install\u00e9e pour vous. Le syst\u00e8me CRM nous sert \u00e0 vous informer de vos donn\u00e9es d\u2019acc\u00e8s \u00e0 l\u2019application test, d\u2019autres informations pour utiliser les logiciels, des mises \u00e0 jour et des offres. Vous pouvez faire opposition \u00e0 tout moment \u00e0 cette utilisation de votre adresse e-mail en envoyant un message \u00e0 l\u2019adresse indiqu\u00e9e ci-dessous comme possibilit\u00e9 de contact ou en passant par un lien pr\u00e9vu \u00e0 cet effet dans l\u2019e-mail publicitaire.<\/p>\n<p>\u00c0 l\u2019expiration de la phase de test du logiciel Contract Alert et si vous ne souhaitez pas continuer \u00e0 utiliser le logiciel, la totalit\u00e9 des donn\u00e9es qui se trouvent dans votre application test seront d\u00e9finitivement supprim\u00e9es par un processus de routine.<\/p>\n<p>Si vous continuez \u00e0 utiliser le logiciel Contract Alert, nous utiliserons les donn\u00e9es personnelles des utilisateurs d\u00e9finis pour ex\u00e9cuter le contrat ainsi que pour les demandes de renseignements adress\u00e9es au service support et \u00e9galement pour envoyer des informations au sujet de l\u2019utilisation du logiciel.<\/p>\n<p>En utilisant le logiciel Contract Alert, vous traiterez \u00e9galement des donn\u00e9es personnelles. Vous pouvez lire sur notre page Web \u201c<a href=\"\/?page_id=113997\" data-slimstat=\"5\">Technical and Organisational Measures<\/a>\u201d comment Contract Alert vous aide \u00e0 ex\u00e9cuter les obligations que ceci entra\u00eene.<\/p>\n<p><strong>Suppression et blocage des donn\u00e9es personnelles par un processus de routine<\/strong><\/p>\n<p>Le responsable charg\u00e9 du traitement des donn\u00e9es personnelles traite et stocke les donn\u00e9es personnelles de la personne concern\u00e9e seulement pendant la dur\u00e9e qui est n\u00e9cessaire \u00e0 r\u00e9aliser l\u2019objet de leur stockage ou seulement dans la mesure o\u00f9 ceci a \u00e9t\u00e9 pr\u00e9vu par le l\u00e9gislateur europ\u00e9en auteurs de directives et de r\u00e8glements ou par d\u2019autres l\u00e9gislateurs dans des lois ou des dispositions applicables.<\/p>\n<p>Si l\u2019objet du stockage des donn\u00e9es n\u2019existe plus ou en cas d\u2019expiration d\u2019un d\u00e9lai de stockage pr\u00e9vu par le l\u00e9gislateur europ\u00e9en auteur de directives et de r\u00e8glements ou par un autre l\u00e9gislateur comp\u00e9tent, les donn\u00e9es personnelles sont bloqu\u00e9es ou supprim\u00e9es par un processus de routine et en suivant les dispositions l\u00e9gales.<\/p>\n<p><strong>Utilisation de cookies<\/strong><\/p>\n<p>Pour concevoir une mani\u00e8re plaisante pour les visiteurs de se rendre sur notre site et permettre l\u2019utilisation de fonctions d\u00e9termin\u00e9es, nous utilisons ce que l\u2019on appelle des cookies sur diff\u00e9rentes pages Web. Il s\u2019agit de petits fichiers texte qui sont stock\u00e9s sur votre appareil informatique local. Quelques-uns des cookies que nous utilisons sont \u00e0 nouveau supprim\u00e9s (cookies dits \u00ab\u00a0provisoires\u00a0\u00bb) apr\u00e8s la fin de votre session de navigation, c\u2019est-\u00e0-dire apr\u00e8s la fermeture de votre navigateur. D\u2019autres cookies restent sur votre appareil informatique local et nous permettent de reconna\u00eetre votre navigateur internet \u00e0 votre prochaine visite (cookies permanents). Vous pouvez param\u00e9trer votre navigateur internet de mani\u00e8re \u00e0 \u00eatre inform\u00e9 de l\u2019installation de cookies et d\u00e9cider ou non de les accepter au cas par cas ou exclure d\u2019accepter des cookies dans des cas d\u00e9termin\u00e9s ou de mani\u00e8re g\u00e9n\u00e9rale. Si vous n\u2019acceptez pas les cookies, il est possible que les fonctionnalit\u00e9s de notre site Web soient restreintes.<\/p>\n<p><strong>Droit d\u2018information et possibilit\u00e9 de contact <\/strong><\/p>\n<p>Vous avez le droit de demander gratuitement des renseignements sur les donn\u00e9es que nous stockons au sujet de votre personne et \u00e9ventuellement le droit de corriger, de bloquer ou de supprimer ces donn\u00e9es. Si vous avez des questions \u00e0 poser au sujet de la collecte, du traitement ou de l\u2019utilisation de vos donn\u00e9es personnelles, ou si vous voulez vous renseigner, corriger, bloquer ou supprimer des donn\u00e9es ou encore les autorisations que vous avez donn\u00e9es ou faire opposition \u00e0 une utilisation d\u00e9termin\u00e9e de vos donn\u00e9es, veuillez-vous adresser directement \u00e0 nous\u00a0:<\/p>\n<p>Lodging Products &amp; Services S.\u00e0.r.l.<br \/>\n57, Rue de la Gare<br \/>\n6440 ECHTERNACH &#8211; LUXEMBOURG<br \/>\ninfo[at]contract-alert.com<\/p>\n","protected":false},"excerpt":{"rendered":"<p>La protection de votre sph\u00e8re priv\u00e9e est tr\u00e8s importante pour nous. Dans les passages qui suivent, nous vous donnons des informations compl\u00e8tes sur la mani\u00e8re dont nous traitons vos donn\u00e9es. Enregistrement de donn\u00e9es d\u2018acc\u00e8s dans des fichiers journaux du serveur Vous pouvez vous rendre sur nos sites Web sans donner d\u2019indications au sujet de votre [&hellip;]<\/p>\n","protected":false},"author":13,"featured_media":0,"parent":0,"menu_order":999,"comment_status":"closed","ping_status":"closed","template":"","meta":{"footnotes":""},"class_list":["post-114011","page","type-page","status-publish","hentry"],"yoast_head":"<!-- This site is optimized with the Yoast SEO plugin v26.4 - https:\/\/yoast.com\/wordpress\/plugins\/seo\/ -->\n<title>Confidentialit\u00e9 et Cookies - Contract Alert \u00ae<\/title>\n<meta name=\"robots\" content=\"index, follow, max-snippet:-1, max-image-preview:large, max-video-preview:-1\" \/>\n<link rel=\"canonical\" href=\"https:\/\/www.contract-alert.com\/fr\/confidentialite\/\" \/>\n<meta property=\"og:locale\" content=\"fr_FR\" \/>\n<meta property=\"og:type\" content=\"article\" \/>\n<meta property=\"og:title\" content=\"Confidentialit\u00e9 et Cookies - Contract Alert \u00ae\" \/>\n<meta property=\"og:description\" content=\"La protection de votre sph\u00e8re priv\u00e9e est tr\u00e8s importante pour nous. Dans les passages qui suivent, nous vous donnons des informations compl\u00e8tes sur la mani\u00e8re dont nous traitons vos donn\u00e9es. Enregistrement de donn\u00e9es d\u2018acc\u00e8s dans des fichiers journaux du serveur Vous pouvez vous rendre sur nos sites Web sans donner d\u2019indications au sujet de votre [&hellip;]\" \/>\n<meta property=\"og:url\" content=\"https:\/\/www.contract-alert.com\/fr\/confidentialite\/\" \/>\n<meta property=\"og:site_name\" content=\"Contract Alert \u00ae\" \/>\n<meta property=\"article:modified_time\" content=\"2021-07-27T10:01:43+00:00\" \/>\n<meta name=\"twitter:card\" content=\"summary_large_image\" \/>\n<meta name=\"twitter:site\" content=\"@contractalert\" \/>\n<meta name=\"twitter:label1\" content=\"Dur\u00e9e de lecture estim\u00e9e\" \/>\n\t<meta name=\"twitter:data1\" content=\"5 minutes\" \/>\n<script type=\"application\/ld+json\" class=\"yoast-schema-graph\">{\"@context\":\"https:\/\/schema.org\",\"@graph\":[{\"@type\":\"WebPage\",\"@id\":\"https:\/\/www.contract-alert.com\/fr\/confidentialite\/\",\"url\":\"https:\/\/www.contract-alert.com\/fr\/confidentialite\/\",\"name\":\"Confidentialit\u00e9 et Cookies - Contract Alert \u00ae\",\"isPartOf\":{\"@id\":\"https:\/\/www.contract-alert.com\/#website\"},\"datePublished\":\"2018-05-16T08:33:47+00:00\",\"dateModified\":\"2021-07-27T10:01:43+00:00\",\"breadcrumb\":{\"@id\":\"https:\/\/www.contract-alert.com\/fr\/confidentialite\/#breadcrumb\"},\"inLanguage\":\"fr-FR\",\"potentialAction\":[{\"@type\":\"ReadAction\",\"target\":[\"https:\/\/www.contract-alert.com\/fr\/confidentialite\/\"]}]},{\"@type\":\"BreadcrumbList\",\"@id\":\"https:\/\/www.contract-alert.com\/fr\/confidentialite\/#breadcrumb\",\"itemListElement\":[{\"@type\":\"ListItem\",\"position\":1,\"name\":\"Home\",\"item\":\"https:\/\/www.contract-alert.com\/fr\/\"},{\"@type\":\"ListItem\",\"position\":2,\"name\":\"Confidentialit\u00e9 et Cookies\"}]},{\"@type\":\"WebSite\",\"@id\":\"https:\/\/www.contract-alert.com\/#website\",\"url\":\"https:\/\/www.contract-alert.com\/\",\"name\":\"Contract Alert \u00ae\",\"description\":\"Software to optimize\u00ad your contract administration\",\"potentialAction\":[{\"@type\":\"SearchAction\",\"target\":{\"@type\":\"EntryPoint\",\"urlTemplate\":\"https:\/\/www.contract-alert.com\/?s={search_term_string}\"},\"query-input\":{\"@type\":\"PropertyValueSpecification\",\"valueRequired\":true,\"valueName\":\"search_term_string\"}}],\"inLanguage\":\"fr-FR\"}]}<\/script>\n<!-- \/ Yoast SEO plugin. -->","yoast_head_json":{"title":"Confidentialit\u00e9 et Cookies - Contract Alert \u00ae","robots":{"index":"index","follow":"follow","max-snippet":"max-snippet:-1","max-image-preview":"max-image-preview:large","max-video-preview":"max-video-preview:-1"},"canonical":"https:\/\/www.contract-alert.com\/fr\/confidentialite\/","og_locale":"fr_FR","og_type":"article","og_title":"Confidentialit\u00e9 et Cookies - Contract Alert \u00ae","og_description":"La protection de votre sph\u00e8re priv\u00e9e est tr\u00e8s importante pour nous. Dans les passages qui suivent, nous vous donnons des informations compl\u00e8tes sur la mani\u00e8re dont nous traitons vos donn\u00e9es. Enregistrement de donn\u00e9es d\u2018acc\u00e8s dans des fichiers journaux du serveur Vous pouvez vous rendre sur nos sites Web sans donner d\u2019indications au sujet de votre [&hellip;]","og_url":"https:\/\/www.contract-alert.com\/fr\/confidentialite\/","og_site_name":"Contract Alert \u00ae","article_modified_time":"2021-07-27T10:01:43+00:00","twitter_card":"summary_large_image","twitter_site":"@contractalert","twitter_misc":{"Dur\u00e9e de lecture estim\u00e9e":"5 minutes"},"schema":{"@context":"https:\/\/schema.org","@graph":[{"@type":"WebPage","@id":"https:\/\/www.contract-alert.com\/fr\/confidentialite\/","url":"https:\/\/www.contract-alert.com\/fr\/confidentialite\/","name":"Confidentialit\u00e9 et Cookies - Contract Alert \u00ae","isPartOf":{"@id":"https:\/\/www.contract-alert.com\/#website"},"datePublished":"2018-05-16T08:33:47+00:00","dateModified":"2021-07-27T10:01:43+00:00","breadcrumb":{"@id":"https:\/\/www.contract-alert.com\/fr\/confidentialite\/#breadcrumb"},"inLanguage":"fr-FR","potentialAction":[{"@type":"ReadAction","target":["https:\/\/www.contract-alert.com\/fr\/confidentialite\/"]}]},{"@type":"BreadcrumbList","@id":"https:\/\/www.contract-alert.com\/fr\/confidentialite\/#breadcrumb","itemListElement":[{"@type":"ListItem","position":1,"name":"Home","item":"https:\/\/www.contract-alert.com\/fr\/"},{"@type":"ListItem","position":2,"name":"Confidentialit\u00e9 et Cookies"}]},{"@type":"WebSite","@id":"https:\/\/www.contract-alert.com\/#website","url":"https:\/\/www.contract-alert.com\/","name":"Contract Alert \u00ae","description":"Software to optimize\u00ad your contract administration","potentialAction":[{"@type":"SearchAction","target":{"@type":"EntryPoint","urlTemplate":"https:\/\/www.contract-alert.com\/?s={search_term_string}"},"query-input":{"@type":"PropertyValueSpecification","valueRequired":true,"valueName":"search_term_string"}}],"inLanguage":"fr-FR"}]}},"_links":{"self":[{"href":"https:\/\/www.contract-alert.com\/fr\/wp-json\/wp\/v2\/pages\/114011","targetHints":{"allow":["GET"]}}],"collection":[{"href":"https:\/\/www.contract-alert.com\/fr\/wp-json\/wp\/v2\/pages"}],"about":[{"href":"https:\/\/www.contract-alert.com\/fr\/wp-json\/wp\/v2\/types\/page"}],"author":[{"embeddable":true,"href":"https:\/\/www.contract-alert.com\/fr\/wp-json\/wp\/v2\/users\/13"}],"replies":[{"embeddable":true,"href":"https:\/\/www.contract-alert.com\/fr\/wp-json\/wp\/v2\/comments?post=114011"}],"version-history":[{"count":1,"href":"https:\/\/www.contract-alert.com\/fr\/wp-json\/wp\/v2\/pages\/114011\/revisions"}],"predecessor-version":[{"id":114211,"href":"https:\/\/www.contract-alert.com\/fr\/wp-json\/wp\/v2\/pages\/114011\/revisions\/114211"}],"wp:attachment":[{"href":"https:\/\/www.contract-alert.com\/fr\/wp-json\/wp\/v2\/media?parent=114011"}],"curies":[{"name":"wp","href":"https:\/\/api.w.org\/{rel}","templated":true}]}}