{"id":113764,"date":"2016-06-21T16:29:32","date_gmt":"2016-06-21T15:29:32","guid":{"rendered":"https:\/\/www.contract-alert.com\/fr\/?page_id=113764"},"modified":"2016-06-25T17:12:28","modified_gmt":"2016-06-25T16:12:28","slug":"securite","status":"publish","type":"page","link":"https:\/\/www.contract-alert.com\/fr\/securite\/","title":{"rendered":"S\u00e9curit\u00e9"},"content":{"rendered":"<p>La s\u00e9curit\u00e9 de votre base de donn\u00e9es et de vos documents contractuels est une priorit\u00e9 absolue. Pour garantir leur s\u00e9curit\u00e9, nous utilisons un certain nombre d\u2019approches, y compris :<\/p>\n<p><!--more--><\/p>\n<div class=\"features_grid\">\n<div class=\"row\">\n<div class=\"four columns\"><img decoding=\"async\" src=\"https:\/\/www.contract-alert.com\/wp-content\/uploads\/2012\/11\/lock.png\" alt=\"\" \/><\/p>\n<h5>Chiffrement SSL<\/h5>\n<p>Un certificat SSL garantit que toutes les donn\u00e9es transf\u00e9r\u00e9es de notre serveur au PC de l\u2019utilisateur soient chiffr\u00e9es, comme les transactions bancaires en ligne. <\/p>\n<\/div>\n<div class=\"four columns\"><img decoding=\"async\" src=\"https:\/\/www.contract-alert.com\/wp-content\/uploads\/2012\/11\/firewall.png\" alt=\"\" \/><\/p>\n<h5>Centre de donn\u00e9es de niveau IV <\/h5>\n<p>Votre base de donn\u00e9es et vos documents contractuels sont stock\u00e9s dans un centre de donn\u00e9es de niveau IV, consid\u00e9r\u00e9 comme plus robuste et moins sujet aux d\u00e9faillances, avec des sous-syst\u00e8mes enti\u00e8rement redondants.<\/p>\n<\/div>\n<div class=\"four columns\"><img decoding=\"async\" src=\"https:\/\/www.contract-alert.com\/wp-content\/uploads\/2012\/11\/ip-lock1.png\" alt=\"\" \/><\/p>\n<h5>Restrictions IP<\/h5>\n<p>Limitez l\u2019acc\u00e8s de vos donn\u00e9es \u00e0 une plage IP sp\u00e9cifique, pour que Contract Alert ne soit accessible que dans certains emplacements physiques.  <\/p>\n<\/div>\n<\/div>\n<div class=\"row\">\n<div class=\"four columns\"><img decoding=\"async\" src=\"https:\/\/www.contract-alert.com\/wp-content\/uploads\/2012\/11\/user-lock.png\" alt=\"\" \/><\/p>\n<h5>Verrouillage utilisateur<\/h5>\n<p>Apr\u00e8s trois tentatives de connexion infructueuses de l\u2019utilisateur, avec un mot de passe incorrect, le compte utilisateur sera automatiquement bloqu\u00e9.<\/p>\n<\/div>\n<div class=\"four columns\"><img decoding=\"async\" src=\"https:\/\/www.contract-alert.com\/wp-content\/uploads\/2012\/11\/contract-lock1.png\" alt=\"\" \/><\/p>\n<h5>Chiffrement des documents<\/h5>\n<p>Les documents seront automatiquement chiffr\u00e9s avec un mot de passe que <strong>vous<\/strong> avez d\u00e9fini et ne pourront pas \u00eatre visualis\u00e9s sans une connexion valide.\n<\/div>\n<div class=\"four columns\"><img decoding=\"async\" src=\"https:\/\/www.contract-alert.com\/wp-content\/uploads\/2012\/11\/cloud.png\" alt=\"\" \/><\/p>\n<h5>Sauvegardes hors site<\/h5>\n<p>Les sauvegardes, prot\u00e9g\u00e9es par un mot de passe, de votre base de donn\u00e9es et de vos documents contractuels sont stock\u00e9es dans un centre de donn\u00e9es distinct.<\/p>\n<\/div>\n<\/div>\n<\/div>\n","protected":false},"excerpt":{"rendered":"<p>La s\u00e9curit\u00e9 de votre base de donn\u00e9es et de vos documents contractuels est une priorit\u00e9 absolue. Pour garantir leur s\u00e9curit\u00e9, nous utilisons un certain nombre d\u2019approches, y compris :<\/p>\n","protected":false},"author":3,"featured_media":943,"parent":0,"menu_order":3,"comment_status":"closed","ping_status":"closed","template":"template-full-width.php","meta":{"footnotes":""},"class_list":["post-113764","page","type-page","status-publish","has-post-thumbnail","hentry"],"yoast_head":"<!-- This site is optimized with the Yoast SEO plugin v26.4 - https:\/\/yoast.com\/wordpress\/plugins\/seo\/ -->\n<title>S\u00e9curit\u00e9- logiciel de gestion de contrats<\/title>\n<meta name=\"description\" content=\"La s\u00e9curit\u00e9 de votre base de donn\u00e9es et de vos documents contractuels est une priorit\u00e9 absolue. Pour garantir leur s\u00e9curit\u00e9, nous utilisons un certain nombre d\u2019approches.\" \/>\n<meta name=\"robots\" content=\"index, follow, max-snippet:-1, max-image-preview:large, max-video-preview:-1\" \/>\n<link rel=\"canonical\" href=\"https:\/\/www.contract-alert.com\/fr\/securite\/\" \/>\n<meta property=\"og:locale\" content=\"fr_FR\" \/>\n<meta property=\"og:type\" content=\"article\" \/>\n<meta property=\"og:title\" content=\"S\u00e9curit\u00e9- logiciel de gestion de contrats\" \/>\n<meta property=\"og:description\" content=\"La s\u00e9curit\u00e9 de votre base de donn\u00e9es et de vos documents contractuels est une priorit\u00e9 absolue. Pour garantir leur s\u00e9curit\u00e9, nous utilisons un certain nombre d\u2019approches.\" \/>\n<meta property=\"og:url\" content=\"https:\/\/www.contract-alert.com\/fr\/securite\/\" \/>\n<meta property=\"og:site_name\" content=\"Contract Alert \u00ae\" \/>\n<meta property=\"article:modified_time\" content=\"2016-06-25T16:12:28+00:00\" \/>\n<meta property=\"og:image\" content=\"https:\/\/www.contract-alert.com\/wp-content\/uploads\/2012\/11\/icon-security1.png\" \/>\n\t<meta property=\"og:image:width\" content=\"60\" \/>\n\t<meta property=\"og:image:height\" content=\"60\" \/>\n\t<meta property=\"og:image:type\" content=\"image\/png\" \/>\n<meta name=\"twitter:card\" content=\"summary_large_image\" \/>\n<meta name=\"twitter:site\" content=\"@contractalert\" \/>\n<meta name=\"twitter:label1\" content=\"Dur\u00e9e de lecture estim\u00e9e\" \/>\n\t<meta name=\"twitter:data1\" content=\"1 minute\" \/>\n<script type=\"application\/ld+json\" class=\"yoast-schema-graph\">{\"@context\":\"https:\/\/schema.org\",\"@graph\":[{\"@type\":\"WebPage\",\"@id\":\"https:\/\/www.contract-alert.com\/fr\/securite\/\",\"url\":\"https:\/\/www.contract-alert.com\/fr\/securite\/\",\"name\":\"S\u00e9curit\u00e9- logiciel de gestion de contrats\",\"isPartOf\":{\"@id\":\"https:\/\/www.contract-alert.com\/#website\"},\"primaryImageOfPage\":{\"@id\":\"https:\/\/www.contract-alert.com\/fr\/securite\/#primaryimage\"},\"image\":{\"@id\":\"https:\/\/www.contract-alert.com\/fr\/securite\/#primaryimage\"},\"thumbnailUrl\":\"https:\/\/www.contract-alert.com\/wp-content\/uploads\/2012\/11\/icon-security1.png\",\"datePublished\":\"2016-06-21T15:29:32+00:00\",\"dateModified\":\"2016-06-25T16:12:28+00:00\",\"description\":\"La s\u00e9curit\u00e9 de votre base de donn\u00e9es et de vos documents contractuels est une priorit\u00e9 absolue. Pour garantir leur s\u00e9curit\u00e9, nous utilisons un certain nombre d\u2019approches.\",\"breadcrumb\":{\"@id\":\"https:\/\/www.contract-alert.com\/fr\/securite\/#breadcrumb\"},\"inLanguage\":\"fr-FR\",\"potentialAction\":[{\"@type\":\"ReadAction\",\"target\":[\"https:\/\/www.contract-alert.com\/fr\/securite\/\"]}]},{\"@type\":\"ImageObject\",\"inLanguage\":\"fr-FR\",\"@id\":\"https:\/\/www.contract-alert.com\/fr\/securite\/#primaryimage\",\"url\":\"https:\/\/www.contract-alert.com\/wp-content\/uploads\/2012\/11\/icon-security1.png\",\"contentUrl\":\"https:\/\/www.contract-alert.com\/wp-content\/uploads\/2012\/11\/icon-security1.png\",\"width\":\"60\",\"height\":\"60\"},{\"@type\":\"BreadcrumbList\",\"@id\":\"https:\/\/www.contract-alert.com\/fr\/securite\/#breadcrumb\",\"itemListElement\":[{\"@type\":\"ListItem\",\"position\":1,\"name\":\"Home\",\"item\":\"https:\/\/www.contract-alert.com\/fr\/\"},{\"@type\":\"ListItem\",\"position\":2,\"name\":\"S\u00e9curit\u00e9\"}]},{\"@type\":\"WebSite\",\"@id\":\"https:\/\/www.contract-alert.com\/#website\",\"url\":\"https:\/\/www.contract-alert.com\/\",\"name\":\"Contract Alert \u00ae\",\"description\":\"Software to optimize\u00ad your contract administration\",\"potentialAction\":[{\"@type\":\"SearchAction\",\"target\":{\"@type\":\"EntryPoint\",\"urlTemplate\":\"https:\/\/www.contract-alert.com\/?s={search_term_string}\"},\"query-input\":{\"@type\":\"PropertyValueSpecification\",\"valueRequired\":true,\"valueName\":\"search_term_string\"}}],\"inLanguage\":\"fr-FR\"}]}<\/script>\n<!-- \/ Yoast SEO plugin. -->","yoast_head_json":{"title":"S\u00e9curit\u00e9- logiciel de gestion de contrats","description":"La s\u00e9curit\u00e9 de votre base de donn\u00e9es et de vos documents contractuels est une priorit\u00e9 absolue. Pour garantir leur s\u00e9curit\u00e9, nous utilisons un certain nombre d\u2019approches.","robots":{"index":"index","follow":"follow","max-snippet":"max-snippet:-1","max-image-preview":"max-image-preview:large","max-video-preview":"max-video-preview:-1"},"canonical":"https:\/\/www.contract-alert.com\/fr\/securite\/","og_locale":"fr_FR","og_type":"article","og_title":"S\u00e9curit\u00e9- logiciel de gestion de contrats","og_description":"La s\u00e9curit\u00e9 de votre base de donn\u00e9es et de vos documents contractuels est une priorit\u00e9 absolue. Pour garantir leur s\u00e9curit\u00e9, nous utilisons un certain nombre d\u2019approches.","og_url":"https:\/\/www.contract-alert.com\/fr\/securite\/","og_site_name":"Contract Alert \u00ae","article_modified_time":"2016-06-25T16:12:28+00:00","og_image":[{"width":60,"height":60,"url":"https:\/\/www.contract-alert.com\/wp-content\/uploads\/2012\/11\/icon-security1.png","type":"image\/png"}],"twitter_card":"summary_large_image","twitter_site":"@contractalert","twitter_misc":{"Dur\u00e9e de lecture estim\u00e9e":"1 minute"},"schema":{"@context":"https:\/\/schema.org","@graph":[{"@type":"WebPage","@id":"https:\/\/www.contract-alert.com\/fr\/securite\/","url":"https:\/\/www.contract-alert.com\/fr\/securite\/","name":"S\u00e9curit\u00e9- logiciel de gestion de contrats","isPartOf":{"@id":"https:\/\/www.contract-alert.com\/#website"},"primaryImageOfPage":{"@id":"https:\/\/www.contract-alert.com\/fr\/securite\/#primaryimage"},"image":{"@id":"https:\/\/www.contract-alert.com\/fr\/securite\/#primaryimage"},"thumbnailUrl":"https:\/\/www.contract-alert.com\/wp-content\/uploads\/2012\/11\/icon-security1.png","datePublished":"2016-06-21T15:29:32+00:00","dateModified":"2016-06-25T16:12:28+00:00","description":"La s\u00e9curit\u00e9 de votre base de donn\u00e9es et de vos documents contractuels est une priorit\u00e9 absolue. Pour garantir leur s\u00e9curit\u00e9, nous utilisons un certain nombre d\u2019approches.","breadcrumb":{"@id":"https:\/\/www.contract-alert.com\/fr\/securite\/#breadcrumb"},"inLanguage":"fr-FR","potentialAction":[{"@type":"ReadAction","target":["https:\/\/www.contract-alert.com\/fr\/securite\/"]}]},{"@type":"ImageObject","inLanguage":"fr-FR","@id":"https:\/\/www.contract-alert.com\/fr\/securite\/#primaryimage","url":"https:\/\/www.contract-alert.com\/wp-content\/uploads\/2012\/11\/icon-security1.png","contentUrl":"https:\/\/www.contract-alert.com\/wp-content\/uploads\/2012\/11\/icon-security1.png","width":"60","height":"60"},{"@type":"BreadcrumbList","@id":"https:\/\/www.contract-alert.com\/fr\/securite\/#breadcrumb","itemListElement":[{"@type":"ListItem","position":1,"name":"Home","item":"https:\/\/www.contract-alert.com\/fr\/"},{"@type":"ListItem","position":2,"name":"S\u00e9curit\u00e9"}]},{"@type":"WebSite","@id":"https:\/\/www.contract-alert.com\/#website","url":"https:\/\/www.contract-alert.com\/","name":"Contract Alert \u00ae","description":"Software to optimize\u00ad your contract administration","potentialAction":[{"@type":"SearchAction","target":{"@type":"EntryPoint","urlTemplate":"https:\/\/www.contract-alert.com\/?s={search_term_string}"},"query-input":{"@type":"PropertyValueSpecification","valueRequired":true,"valueName":"search_term_string"}}],"inLanguage":"fr-FR"}]}},"_links":{"self":[{"href":"https:\/\/www.contract-alert.com\/fr\/wp-json\/wp\/v2\/pages\/113764","targetHints":{"allow":["GET"]}}],"collection":[{"href":"https:\/\/www.contract-alert.com\/fr\/wp-json\/wp\/v2\/pages"}],"about":[{"href":"https:\/\/www.contract-alert.com\/fr\/wp-json\/wp\/v2\/types\/page"}],"author":[{"embeddable":true,"href":"https:\/\/www.contract-alert.com\/fr\/wp-json\/wp\/v2\/users\/3"}],"replies":[{"embeddable":true,"href":"https:\/\/www.contract-alert.com\/fr\/wp-json\/wp\/v2\/comments?post=113764"}],"version-history":[{"count":0,"href":"https:\/\/www.contract-alert.com\/fr\/wp-json\/wp\/v2\/pages\/113764\/revisions"}],"wp:featuredmedia":[{"embeddable":true,"href":"https:\/\/www.contract-alert.com\/fr\/wp-json\/wp\/v2\/media\/943"}],"wp:attachment":[{"href":"https:\/\/www.contract-alert.com\/fr\/wp-json\/wp\/v2\/media?parent=113764"}],"curies":[{"name":"wp","href":"https:\/\/api.w.org\/{rel}","templated":true}]}}