{"id":113763,"date":"2016-06-21T16:24:38","date_gmt":"2016-06-21T15:24:38","guid":{"rendered":"https:\/\/www.contract-alert.com\/fr\/?page_id=113763"},"modified":"2016-06-25T17:11:35","modified_gmt":"2016-06-25T16:11:35","slug":"fonctionnalites","status":"publish","type":"page","link":"https:\/\/www.contract-alert.com\/fr\/fonctionnalites\/","title":{"rendered":"Fonctionnalit\u00e9s"},"content":{"rendered":"<p>Les fonctionnalit\u00e9s suivantes sont disponibles \u00e0 la fois dans la version  <strong>Standard- <\/strong> et dans la version <strong>Adaptable<\/strong> du logiciel de gestion de contrats, Contract Alert. <!--more--><\/p>\n<div class=\"features_grid\">\n<div class=\"row\">\n<div class=\"four columns\">\n<h5>Donn\u00e9es contractuelles<\/h5>\n<p>Saisie les principales informations d\u2019un contrat, telles que les dates de d\u00e9but, de fin et d\u2019expiration, la valeur du contrat, le responsable et les notes. <\/p>\n<\/div>\n<div class=\"four columns\">\n<h5>Documents contractuels<\/h5>\n<p>Stockage des copies des contrats, leurs conditions g\u00e9n\u00e9rales ainsi que leurs diff\u00e9rentes versions disponibles.<\/p>\n<\/div>\n<div class=\"four columns\">\n<h5>Alertes \u00e9lectroniques<\/h5>\n<p>Envoi de notifications \u00e9lectroniques aux responsables de contrats, avec un lien vers le contrat correspondant.  <\/p>\n<\/div>\n<\/div>\n<div class=\"row\">\n<div class=\"four columns\">\n<h5>Reconduction tacite du contrat<\/h5>\n<p>Renouvellement automatique des contrats permanents, vous permettant d\u2019\u00e9conomiser du temps.<\/p>\n<\/div>\n<div class=\"four columns\">\n<h5>Gestion des devises<\/h5>\n<p>Conversion automatique de la valeur du contrat dans votre devise locale.<\/p>\n<\/div>\n<div class=\"four columns\">\n<h5>Suppression d\u2019utilisateur<\/h5>\n<p>Attribution automatique des responsabilit\u00e9s \u00e0 un nouvel utilisateur.<\/p>\n<\/div>\n<\/div>\n<div class=\"row\">\n<div class=\"four columns\">\n<h5>Fonctions de recherche et de filtrage<\/h5>\n<p>Fonctions de recherche et de filtrage faciles, permettant une r\u00e9cup\u00e9ration rapide des informations pertinentes.<\/p>\n<\/div>\n<div class=\"four columns\">\n<h5>Notes<\/h5>\n<p>Stockage des notes relatives au contrat.<\/p>\n<\/div>\n<div class=\"four columns\">\n<h5>Chiffres cl\u00e9s<\/h5>\n<p>Affectation des revenus et des d\u00e9penses \u00e0 des centres de co\u00fbts multiples. <\/p>\n<\/div>\n<\/div>\n<div class=\"row\">\n<div class=\"four columns\">\n<h5>Partenaires contractuels<\/h5>\n<p>Gestion des prestataires et de leurs points de contact.<\/p>\n<\/div>\n<div class=\"four columns\">\n<h5>Affichage en s\u00e9rie<\/h5>\n<p>Affichage de tous les contrats en cours, reconduits et r\u00e9cemment n\u00e9goci\u00e9s.<\/p>\n<\/div>\n<div class=\"four columns\">\n<h5>Structure de la soci\u00e9t\u00e9<\/h5>\n<p>D\u00e9finition des sites (ou des soci\u00e9t\u00e9s) et de leurs centres de co\u00fbts (ou des d\u00e9partements) pour l\u2019attribution des contrats.<\/p>\n<\/div>\n<\/div>\n<div class=\"row\">\n<div class=\"four columns\">\n<h5>Mod\u00e8les de contrats<\/h5>\n<p>Stockage des mod\u00e8les de contrats dans une base de donn\u00e9es, permettant aux utilisateurs de toujours avoir acc\u00e8s aux derni\u00e8res versions.<\/p>\n<\/div>\n<div class=\"four columns\">\n<h5>Cat\u00e9gories d\u2019utilisateurs<\/h5>\n<p>D\u00e9finition des options des programmes et lecture \/ r\u00e9daction des autorisations attribu\u00e9es \u00e0 chaque cat\u00e9gorie d\u2019utilisateur.   <\/p>\n<\/div>\n<div class=\"four columns\">\n<h5>Gestion des utilisateurs<\/h5>\n<p>D\u00e9finition des droits d\u2019acc\u00e8s aux contrats par site, centre de co\u00fbts, groupes de travail et profils. <\/p>\n<\/div>\n<\/div>\n<div class=\"row\">\n<div class=\"four columns\">\n<h5>Calendrier des \u00e9ch\u00e9ances<\/h5>\n<p>Affichage des \u00e9v\u00e9nements et des contrats \u00e0 venir.<\/p>\n<\/div>\n<div class=\"four columns\">\n<h5>Rapports<\/h5>\n<p>Pour analyser vos donn\u00e9es par fournisseur, \u00e9ch\u00e9ances, types de contrats, utilisateurs et valeurs financi\u00e8res. Utiliser la fonction d\u2019exportation pour une analyse approfondie dans une feuille de calcul. <\/p>\n<\/div>\n<div class=\"four columns\">\n<h5>Importation des donn\u00e9es<\/h5>\n<p>Importation des donn\u00e9es structur\u00e9es existantes \u00e0 partir d\u2019un fichier CSV. <\/p>\n<\/div>\n<\/div>\n<div class=\"row\">\n<div class=\"four columns\">\n<h5>Exportation des donn\u00e9es<\/h5>\n<p>Exportation des donn\u00e9es contractuelles vers un format Excel ou CSV pour une analyse approfondie.<\/p>\n<\/div>\n<div class=\"four columns\">\n<h5>Chiffrement AES<\/h5>\n<p>Les documents contractuels sont chiffr\u00e9s et d\u00e9chiffr\u00e9s \u00e0 l\u2019arri\u00e8re-plan.<\/p>\n<\/div>\n<div class=\"four columns\">\n<h5>Suppression des donn\u00e9es<\/h5>\n<p>Les donn\u00e9es et les documents contractuels sont marqu\u00e9s comme supprim\u00e9s, mais peuvent \u00eatre r\u00e9cup\u00e9r\u00e9s \u00e0 tout moment.<\/p>\n<\/div>\n<\/div>\n<div class=\"row\">\n<div class=\"four columns\">\n<h5>Verrouillage utilisateur<\/h5>\n<p>Apr\u00e8s trois tentatives d\u2019acc\u00e8s infructueuses, l\u2019utilisateur est automatiquement bloqu\u00e9.<\/p>\n<\/div>\n<div class=\"four columns\">\n<h5>Historique des modifications<\/h5>\n<p>Tous les changements apport\u00e9s aux contrats sont consign\u00e9s par date et par utilisateur.<\/p>\n<\/div>\n<div class=\"four columns\">\n<h5>Tableau de bord<\/h5>\n<p>Voyez, en un clin d\u2019\u0153il, les d\u00e9marches \u00e0 r\u00e9aliser sur les contrats et les \u00e9v\u00e9nements. Soyez inform\u00e9 des changements effectu\u00e9s par les autres utilisateurs.<\/p>\n<\/div>\n<\/div>\n<\/div>\n<p><!--\/ features_grid--><\/p>\n<p>Les fonctionnalit\u00e9s suppl\u00e9mentaires suivantes sont exclusivement disponibles dans la version <strong>Adaptable<\/strong> de notre logiciel.:<\/p>\n<div class=\"features_grid\">\n<div class=\"row\">\n<div class=\"four columns\">\n<h5>Champs de donn\u00e9es personnalisables<\/h5>\n<p>Stockage des informations typiquement utilis\u00e9es par notre soci\u00e9t\u00e9 ou dans un type de contrat sp\u00e9cifique. <\/p>\n<\/div>\n<div class=\"four columns\">\n<h5>Configuration des champs de donn\u00e9es<\/h5>\n<p>Configuration de champs de donn\u00e9es personnalis\u00e9s, attribu\u00e9s \u00e0 des types de contrats sp\u00e9cifiques.<\/p>\n<\/div>\n<div class=\"four columns\">\n<h5>G\u00e9n\u00e9ration de rapports<\/h5>\n<p>Production de rapports sp\u00e9cialement adapt\u00e9s \u00e0 votre organisation. Les rapports peuvent \u00eatre marqu\u00e9s comme \u00ab Priv\u00e9 \u00bb ou \u00ab Global \u00bb.<\/p>\n<\/div>\n<\/div>\n<div class=\"row\">\n<div class=\"four columns\">\n<h5>Gestion indicielle<\/h5>\n<p>La gestion des contrats est associ\u00e9e \u00e0 l\u2019indice du co\u00fbt de la vie, par exemple pour les locations.<\/p>\n<\/div>\n<div class=\"four columns\">\n<h5>Exportation HTML<\/h5>\n<p>Exportation de toutes les donn\u00e9es contractuelles vers un fichier HTML, y compris les documents contractuels pour les commissaires aux comptes, etc.<\/p>\n<\/div>\n<div class=\"four columns\">\n<h5>Flux d\u2019approbation des contrats<\/h5>\n<p>Cr\u00e9ation du flux d\u2019approbation des contrats, en fonction des besoins de votre soci\u00e9t\u00e9.<\/p>\n<\/div>\n<\/div>\n<\/div>\n<p><!--\/ features_grid--><\/p>\n","protected":false},"excerpt":{"rendered":"<p>Les fonctionnalit\u00e9s suivantes sont disponibles \u00e0 la fois dans la version Standard- et dans la version Adaptable du logiciel de gestion de contrats, Contract Alert.<\/p>\n","protected":false},"author":3,"featured_media":947,"parent":0,"menu_order":2,"comment_status":"closed","ping_status":"closed","template":"template-full-width.php","meta":{"footnotes":""},"class_list":["post-113763","page","type-page","status-publish","has-post-thumbnail","hentry"],"yoast_head":"<!-- This site is optimized with the Yoast SEO plugin v26.4 - https:\/\/yoast.com\/wordpress\/plugins\/seo\/ -->\n<title>Fonctionnalit\u00e9s<\/title>\n<meta name=\"description\" content=\"Fonctionnalit\u00e9s du logiciel de gestion de contrats Contract Alert\" \/>\n<meta name=\"robots\" content=\"index, follow, max-snippet:-1, max-image-preview:large, max-video-preview:-1\" \/>\n<link rel=\"canonical\" href=\"https:\/\/www.contract-alert.com\/fr\/fonctionnalites\/\" \/>\n<meta property=\"og:locale\" content=\"fr_FR\" \/>\n<meta property=\"og:type\" content=\"article\" \/>\n<meta property=\"og:title\" content=\"Fonctionnalit\u00e9s\" \/>\n<meta property=\"og:description\" content=\"Fonctionnalit\u00e9s du logiciel de gestion de contrats Contract Alert\" \/>\n<meta property=\"og:url\" content=\"https:\/\/www.contract-alert.com\/fr\/fonctionnalites\/\" \/>\n<meta property=\"og:site_name\" content=\"Contract Alert \u00ae\" \/>\n<meta property=\"article:modified_time\" content=\"2016-06-25T16:11:35+00:00\" \/>\n<meta property=\"og:image\" content=\"https:\/\/www.contract-alert.com\/wp-content\/uploads\/2012\/11\/icon-features1.png\" \/>\n\t<meta property=\"og:image:width\" content=\"60\" \/>\n\t<meta property=\"og:image:height\" content=\"60\" \/>\n\t<meta property=\"og:image:type\" content=\"image\/png\" \/>\n<meta name=\"twitter:card\" content=\"summary_large_image\" \/>\n<meta name=\"twitter:site\" content=\"@contractalert\" \/>\n<meta name=\"twitter:label1\" content=\"Dur\u00e9e de lecture estim\u00e9e\" \/>\n\t<meta name=\"twitter:data1\" content=\"3 minutes\" \/>\n<script type=\"application\/ld+json\" class=\"yoast-schema-graph\">{\"@context\":\"https:\/\/schema.org\",\"@graph\":[{\"@type\":\"WebPage\",\"@id\":\"https:\/\/www.contract-alert.com\/fr\/fonctionnalites\/\",\"url\":\"https:\/\/www.contract-alert.com\/fr\/fonctionnalites\/\",\"name\":\"Fonctionnalit\u00e9s\",\"isPartOf\":{\"@id\":\"https:\/\/www.contract-alert.com\/#website\"},\"primaryImageOfPage\":{\"@id\":\"https:\/\/www.contract-alert.com\/fr\/fonctionnalites\/#primaryimage\"},\"image\":{\"@id\":\"https:\/\/www.contract-alert.com\/fr\/fonctionnalites\/#primaryimage\"},\"thumbnailUrl\":\"https:\/\/www.contract-alert.com\/wp-content\/uploads\/2012\/11\/icon-features1.png\",\"datePublished\":\"2016-06-21T15:24:38+00:00\",\"dateModified\":\"2016-06-25T16:11:35+00:00\",\"description\":\"Fonctionnalit\u00e9s du logiciel de gestion de contrats Contract Alert\",\"breadcrumb\":{\"@id\":\"https:\/\/www.contract-alert.com\/fr\/fonctionnalites\/#breadcrumb\"},\"inLanguage\":\"fr-FR\",\"potentialAction\":[{\"@type\":\"ReadAction\",\"target\":[\"https:\/\/www.contract-alert.com\/fr\/fonctionnalites\/\"]}]},{\"@type\":\"ImageObject\",\"inLanguage\":\"fr-FR\",\"@id\":\"https:\/\/www.contract-alert.com\/fr\/fonctionnalites\/#primaryimage\",\"url\":\"https:\/\/www.contract-alert.com\/wp-content\/uploads\/2012\/11\/icon-features1.png\",\"contentUrl\":\"https:\/\/www.contract-alert.com\/wp-content\/uploads\/2012\/11\/icon-features1.png\",\"width\":\"60\",\"height\":\"60\"},{\"@type\":\"BreadcrumbList\",\"@id\":\"https:\/\/www.contract-alert.com\/fr\/fonctionnalites\/#breadcrumb\",\"itemListElement\":[{\"@type\":\"ListItem\",\"position\":1,\"name\":\"Home\",\"item\":\"https:\/\/www.contract-alert.com\/fr\/\"},{\"@type\":\"ListItem\",\"position\":2,\"name\":\"Fonctionnalit\u00e9s\"}]},{\"@type\":\"WebSite\",\"@id\":\"https:\/\/www.contract-alert.com\/#website\",\"url\":\"https:\/\/www.contract-alert.com\/\",\"name\":\"Contract Alert \u00ae\",\"description\":\"Software to optimize\u00ad your contract administration\",\"potentialAction\":[{\"@type\":\"SearchAction\",\"target\":{\"@type\":\"EntryPoint\",\"urlTemplate\":\"https:\/\/www.contract-alert.com\/?s={search_term_string}\"},\"query-input\":{\"@type\":\"PropertyValueSpecification\",\"valueRequired\":true,\"valueName\":\"search_term_string\"}}],\"inLanguage\":\"fr-FR\"}]}<\/script>\n<!-- \/ Yoast SEO plugin. -->","yoast_head_json":{"title":"Fonctionnalit\u00e9s","description":"Fonctionnalit\u00e9s du logiciel de gestion de contrats Contract Alert","robots":{"index":"index","follow":"follow","max-snippet":"max-snippet:-1","max-image-preview":"max-image-preview:large","max-video-preview":"max-video-preview:-1"},"canonical":"https:\/\/www.contract-alert.com\/fr\/fonctionnalites\/","og_locale":"fr_FR","og_type":"article","og_title":"Fonctionnalit\u00e9s","og_description":"Fonctionnalit\u00e9s du logiciel de gestion de contrats Contract Alert","og_url":"https:\/\/www.contract-alert.com\/fr\/fonctionnalites\/","og_site_name":"Contract Alert \u00ae","article_modified_time":"2016-06-25T16:11:35+00:00","og_image":[{"width":60,"height":60,"url":"https:\/\/www.contract-alert.com\/wp-content\/uploads\/2012\/11\/icon-features1.png","type":"image\/png"}],"twitter_card":"summary_large_image","twitter_site":"@contractalert","twitter_misc":{"Dur\u00e9e de lecture estim\u00e9e":"3 minutes"},"schema":{"@context":"https:\/\/schema.org","@graph":[{"@type":"WebPage","@id":"https:\/\/www.contract-alert.com\/fr\/fonctionnalites\/","url":"https:\/\/www.contract-alert.com\/fr\/fonctionnalites\/","name":"Fonctionnalit\u00e9s","isPartOf":{"@id":"https:\/\/www.contract-alert.com\/#website"},"primaryImageOfPage":{"@id":"https:\/\/www.contract-alert.com\/fr\/fonctionnalites\/#primaryimage"},"image":{"@id":"https:\/\/www.contract-alert.com\/fr\/fonctionnalites\/#primaryimage"},"thumbnailUrl":"https:\/\/www.contract-alert.com\/wp-content\/uploads\/2012\/11\/icon-features1.png","datePublished":"2016-06-21T15:24:38+00:00","dateModified":"2016-06-25T16:11:35+00:00","description":"Fonctionnalit\u00e9s du logiciel de gestion de contrats Contract Alert","breadcrumb":{"@id":"https:\/\/www.contract-alert.com\/fr\/fonctionnalites\/#breadcrumb"},"inLanguage":"fr-FR","potentialAction":[{"@type":"ReadAction","target":["https:\/\/www.contract-alert.com\/fr\/fonctionnalites\/"]}]},{"@type":"ImageObject","inLanguage":"fr-FR","@id":"https:\/\/www.contract-alert.com\/fr\/fonctionnalites\/#primaryimage","url":"https:\/\/www.contract-alert.com\/wp-content\/uploads\/2012\/11\/icon-features1.png","contentUrl":"https:\/\/www.contract-alert.com\/wp-content\/uploads\/2012\/11\/icon-features1.png","width":"60","height":"60"},{"@type":"BreadcrumbList","@id":"https:\/\/www.contract-alert.com\/fr\/fonctionnalites\/#breadcrumb","itemListElement":[{"@type":"ListItem","position":1,"name":"Home","item":"https:\/\/www.contract-alert.com\/fr\/"},{"@type":"ListItem","position":2,"name":"Fonctionnalit\u00e9s"}]},{"@type":"WebSite","@id":"https:\/\/www.contract-alert.com\/#website","url":"https:\/\/www.contract-alert.com\/","name":"Contract Alert \u00ae","description":"Software to optimize\u00ad your contract administration","potentialAction":[{"@type":"SearchAction","target":{"@type":"EntryPoint","urlTemplate":"https:\/\/www.contract-alert.com\/?s={search_term_string}"},"query-input":{"@type":"PropertyValueSpecification","valueRequired":true,"valueName":"search_term_string"}}],"inLanguage":"fr-FR"}]}},"_links":{"self":[{"href":"https:\/\/www.contract-alert.com\/fr\/wp-json\/wp\/v2\/pages\/113763","targetHints":{"allow":["GET"]}}],"collection":[{"href":"https:\/\/www.contract-alert.com\/fr\/wp-json\/wp\/v2\/pages"}],"about":[{"href":"https:\/\/www.contract-alert.com\/fr\/wp-json\/wp\/v2\/types\/page"}],"author":[{"embeddable":true,"href":"https:\/\/www.contract-alert.com\/fr\/wp-json\/wp\/v2\/users\/3"}],"replies":[{"embeddable":true,"href":"https:\/\/www.contract-alert.com\/fr\/wp-json\/wp\/v2\/comments?post=113763"}],"version-history":[{"count":0,"href":"https:\/\/www.contract-alert.com\/fr\/wp-json\/wp\/v2\/pages\/113763\/revisions"}],"wp:featuredmedia":[{"embeddable":true,"href":"https:\/\/www.contract-alert.com\/fr\/wp-json\/wp\/v2\/media\/947"}],"wp:attachment":[{"href":"https:\/\/www.contract-alert.com\/fr\/wp-json\/wp\/v2\/media?parent=113763"}],"curies":[{"name":"wp","href":"https:\/\/api.w.org\/{rel}","templated":true}]}}