{"id":113762,"date":"2016-06-21T16:32:31","date_gmt":"2016-06-21T15:32:31","guid":{"rendered":"https:\/\/www.contract-alert.com\/fr\/?page_id=113762"},"modified":"2016-06-25T17:10:17","modified_gmt":"2016-06-25T16:10:17","slug":"avantages","status":"publish","type":"page","link":"https:\/\/www.contract-alert.com\/fr\/avantages\/","title":{"rendered":"Avantages"},"content":{"rendered":"<p>Le logiciel de gestion de contrats ne vous aide pas seulement dans les t\u00e2ches quotidiennes, mais vous offre \u00e9galement des avantages uniques. <!--more--><\/p>\n<div class=\"features_grid\">\n<div class=\"row\">\n<div class=\"four columns\">\n<p><img decoding=\"async\" alt=\"Donn\u00e9es consolid\u00e9es\" src=\"https:\/\/www.contract-alert.com\/wp-content\/uploads\/2012\/11\/database.png\" \/><\/p>\n<h5>Donn\u00e9es consolid\u00e9es<\/h5>\n<p>Avec une base de donn\u00e9es centralis\u00e9e, vous avez imm\u00e9diatement acc\u00e8s aux derni\u00e8res versions de vos contrats et vos mod\u00e8les de contrats, toutes les donn\u00e9es \u00e9tant stock\u00e9es dans un seul emplacement. <\/p>\n<\/div>\n<div class=\"four columns\">\n<p><img decoding=\"async\" alt=\"Alertes \u00e9lectroniques\" src=\"https:\/\/www.contract-alert.com\/wp-content\/uploads\/2012\/11\/email1.png\" \/><\/p>\n<h5>Alertes \u00e9lectroniques<\/h5>\n<p>Le logiciel de gestion de contrats envoie des alertes \u00e9lectroniques aux responsables de contrats, les informant des d\u00e9lais d\u2019expiration de contrats imminents, afin qu\u2019ils puissent \u00eatre ren\u00e9goci\u00e9s ou r\u00e9sili\u00e9s suffisamment \u00e0 l\u2019avance.<\/p>\n<\/div>\n<div class=\"four columns\">\n<p><img decoding=\"async\" alt=\"Confidentialit\u00e9 \" src=\"https:\/\/www.contract-alert.com\/wp-content\/uploads\/2012\/11\/privacy.png\" \/><\/p>\n<h5>Confidentialit\u00e9 garantie<\/h5>\n<p>En attribuant les contrats \u00e0 un d\u00e9partement sp\u00e9cifique, vous vous assurez que les utilisateurs ont acc\u00e8s aux contrats et que les donn\u00e9es y aff\u00e9rentes leur ont \u00e9t\u00e9 exclusivement attribu\u00e9es.<\/p>\n<\/div>\n<\/div>\n<div class=\"row\">\n<div class=\"four columns\">\n<h5>D\u00e9tection de synergies<\/h5>\n<p>Le logiciel est particuli\u00e8rement utile pour les soci\u00e9t\u00e9s pr\u00e9sentes sur plusieurs sites, puisqu\u2019il aide \u00e0 d\u00e9tecter les synergies plus facilement.<\/p>\n<p>La collecte des donn\u00e9es en provenance de sites multiples facilite l\u2019\u00e9tablissement rapide des fournisseurs et des co\u00fbts. <\/p>\n<\/div>\n<div class=\"eight columns\">\n<h5>Base solide pour l\u2019analyse et la budg\u00e9tisation<\/h5>\n<p>Les donn\u00e9es saisies peuvent \u00eatre facilement utilis\u00e9es pour des estimations futures, en triant tous les revenus et les d\u00e9penses par service ou par site, par mois ou ann\u00e9e calendaire, simplifiant ainsi le processus de budg\u00e9tisation bas\u00e9 sur des donn\u00e9es pr\u00e9cises. <\/p>\n<p>Des rapports peuvent \u00e9galement \u00eatre export\u00e9s vers une feuille de calcul pour une analyse compl\u00e8te et une estimation budg\u00e9taire.<\/p>\n<\/div>\n<\/div>\n<div class=\"row\">\n<div class=\"four columns\">\n<h5>Cr\u00e9ation de flux de travail cl\u00e9s<\/h5>\n<p>Les membres de l\u2019\u00e9quipe sont notifi\u00e9s d\u00e8s qu\u2019une \u00e9tape cl\u00e9 du contrat a \u00e9t\u00e9 effectu\u00e9e, permettant ainsi de passer \u00e0 l\u2019\u00e9tape suivante de votre processus, telle que la maintenance, la facturation, etc.<\/p>\n<\/div>\n<div class=\"four columns\">\n<h5>Personnalisation des types de contrats<\/h5>\n<p>Chaque contrat et chaque entreprise poss\u00e8dent ses donn\u00e9es sp\u00e9cifiques \u00e0 enregistrer. Pour ce faire, il convient de cr\u00e9er des champs personnalis\u00e9s et de les attribuer \u00e0 un type de contrat pour s\u2019assurer que les donn\u00e9es requises sont saisies.<\/p>\n<\/div>\n<div class=\"four columns\">\n<h5>Flux d\u2019approbation des contrats<\/h5>\n<p>Faire approuver de nouveaux contrats par les d\u00e9partements correspondants, au sein de votre soci\u00e9t\u00e9, tels que le service juridique et la direction financi\u00e8re, pour \u00e9viter les surprises. <\/p>\n<\/div>\n<\/div>\n<\/div>\n<link href=\"https:\/\/plus.google.com\/110013477463569308163\" rel=\"publisher\" \/>\n<a href=\"https:\/\/plus.google.com\/110013477463569308163?rel=author\"<\/a><\/p>\n","protected":false},"excerpt":{"rendered":"<p>Le logiciel de gestion de contrats ne vous aide pas seulement dans les t\u00e2ches quotidiennes, mais vous offre \u00e9galement des avantages uniques.<\/p>\n","protected":false},"author":3,"featured_media":953,"parent":0,"menu_order":1,"comment_status":"closed","ping_status":"closed","template":"template-full-width.php","meta":{"footnotes":""},"class_list":["post-113762","page","type-page","status-publish","has-post-thumbnail","hentry"],"yoast_head":"<!-- This site is optimized with the Yoast SEO plugin v26.4 - https:\/\/yoast.com\/wordpress\/plugins\/seo\/ -->\n<title>Logiciel de gestion de contrats Contract Alert; Vos avantages.<\/title>\n<meta name=\"description\" content=\"gr\u00e2ce \u00e0 Contract Alert, logiciel de gestion de contrats, soyez s\u00fbr d\u2019\u00e9conomiser de l\u2019argent.\" \/>\n<meta name=\"robots\" content=\"index, follow, max-snippet:-1, max-image-preview:large, max-video-preview:-1\" \/>\n<link rel=\"canonical\" href=\"https:\/\/www.contract-alert.com\/fr\/avantages\/\" \/>\n<meta property=\"og:locale\" content=\"fr_FR\" \/>\n<meta property=\"og:type\" content=\"article\" \/>\n<meta property=\"og:title\" content=\"Logiciel de gestion de contrats Contract Alert; Vos avantages.\" \/>\n<meta property=\"og:description\" content=\"gr\u00e2ce \u00e0 Contract Alert, logiciel de gestion de contrats, soyez s\u00fbr d\u2019\u00e9conomiser de l\u2019argent.\" \/>\n<meta property=\"og:url\" content=\"https:\/\/www.contract-alert.com\/fr\/avantages\/\" \/>\n<meta property=\"og:site_name\" content=\"Contract Alert \u00ae\" \/>\n<meta property=\"article:modified_time\" content=\"2016-06-25T16:10:17+00:00\" \/>\n<meta property=\"og:image\" content=\"https:\/\/www.contract-alert.com\/wp-content\/uploads\/2011\/02\/icon-benefits.png\" \/>\n\t<meta property=\"og:image:width\" content=\"60\" \/>\n\t<meta property=\"og:image:height\" content=\"60\" \/>\n\t<meta property=\"og:image:type\" content=\"image\/png\" \/>\n<meta name=\"twitter:card\" content=\"summary_large_image\" \/>\n<meta name=\"twitter:site\" content=\"@contractalert\" \/>\n<meta name=\"twitter:label1\" content=\"Dur\u00e9e de lecture estim\u00e9e\" \/>\n\t<meta name=\"twitter:data1\" content=\"2 minutes\" \/>\n<script type=\"application\/ld+json\" class=\"yoast-schema-graph\">{\"@context\":\"https:\/\/schema.org\",\"@graph\":[{\"@type\":\"WebPage\",\"@id\":\"https:\/\/www.contract-alert.com\/fr\/avantages\/\",\"url\":\"https:\/\/www.contract-alert.com\/fr\/avantages\/\",\"name\":\"Logiciel de gestion de contrats Contract Alert; Vos avantages.\",\"isPartOf\":{\"@id\":\"https:\/\/www.contract-alert.com\/#website\"},\"primaryImageOfPage\":{\"@id\":\"https:\/\/www.contract-alert.com\/fr\/avantages\/#primaryimage\"},\"image\":{\"@id\":\"https:\/\/www.contract-alert.com\/fr\/avantages\/#primaryimage\"},\"thumbnailUrl\":\"https:\/\/www.contract-alert.com\/wp-content\/uploads\/2011\/02\/icon-benefits.png\",\"datePublished\":\"2016-06-21T15:32:31+00:00\",\"dateModified\":\"2016-06-25T16:10:17+00:00\",\"description\":\"gr\u00e2ce \u00e0 Contract Alert, logiciel de gestion de contrats, soyez s\u00fbr d\u2019\u00e9conomiser de l\u2019argent.\",\"breadcrumb\":{\"@id\":\"https:\/\/www.contract-alert.com\/fr\/avantages\/#breadcrumb\"},\"inLanguage\":\"fr-FR\",\"potentialAction\":[{\"@type\":\"ReadAction\",\"target\":[\"https:\/\/www.contract-alert.com\/fr\/avantages\/\"]}]},{\"@type\":\"ImageObject\",\"inLanguage\":\"fr-FR\",\"@id\":\"https:\/\/www.contract-alert.com\/fr\/avantages\/#primaryimage\",\"url\":\"https:\/\/www.contract-alert.com\/wp-content\/uploads\/2011\/02\/icon-benefits.png\",\"contentUrl\":\"https:\/\/www.contract-alert.com\/wp-content\/uploads\/2011\/02\/icon-benefits.png\",\"width\":\"60\",\"height\":\"60\"},{\"@type\":\"BreadcrumbList\",\"@id\":\"https:\/\/www.contract-alert.com\/fr\/avantages\/#breadcrumb\",\"itemListElement\":[{\"@type\":\"ListItem\",\"position\":1,\"name\":\"Home\",\"item\":\"https:\/\/www.contract-alert.com\/fr\/\"},{\"@type\":\"ListItem\",\"position\":2,\"name\":\"Avantages\"}]},{\"@type\":\"WebSite\",\"@id\":\"https:\/\/www.contract-alert.com\/#website\",\"url\":\"https:\/\/www.contract-alert.com\/\",\"name\":\"Contract Alert \u00ae\",\"description\":\"Software to optimize\u00ad your contract administration\",\"potentialAction\":[{\"@type\":\"SearchAction\",\"target\":{\"@type\":\"EntryPoint\",\"urlTemplate\":\"https:\/\/www.contract-alert.com\/?s={search_term_string}\"},\"query-input\":{\"@type\":\"PropertyValueSpecification\",\"valueRequired\":true,\"valueName\":\"search_term_string\"}}],\"inLanguage\":\"fr-FR\"}]}<\/script>\n<!-- \/ Yoast SEO plugin. -->","yoast_head_json":{"title":"Logiciel de gestion de contrats Contract Alert; Vos avantages.","description":"gr\u00e2ce \u00e0 Contract Alert, logiciel de gestion de contrats, soyez s\u00fbr d\u2019\u00e9conomiser de l\u2019argent.","robots":{"index":"index","follow":"follow","max-snippet":"max-snippet:-1","max-image-preview":"max-image-preview:large","max-video-preview":"max-video-preview:-1"},"canonical":"https:\/\/www.contract-alert.com\/fr\/avantages\/","og_locale":"fr_FR","og_type":"article","og_title":"Logiciel de gestion de contrats Contract Alert; Vos avantages.","og_description":"gr\u00e2ce \u00e0 Contract Alert, logiciel de gestion de contrats, soyez s\u00fbr d\u2019\u00e9conomiser de l\u2019argent.","og_url":"https:\/\/www.contract-alert.com\/fr\/avantages\/","og_site_name":"Contract Alert \u00ae","article_modified_time":"2016-06-25T16:10:17+00:00","og_image":[{"width":60,"height":60,"url":"https:\/\/www.contract-alert.com\/wp-content\/uploads\/2011\/02\/icon-benefits.png","type":"image\/png"}],"twitter_card":"summary_large_image","twitter_site":"@contractalert","twitter_misc":{"Dur\u00e9e de lecture estim\u00e9e":"2 minutes"},"schema":{"@context":"https:\/\/schema.org","@graph":[{"@type":"WebPage","@id":"https:\/\/www.contract-alert.com\/fr\/avantages\/","url":"https:\/\/www.contract-alert.com\/fr\/avantages\/","name":"Logiciel de gestion de contrats Contract Alert; Vos avantages.","isPartOf":{"@id":"https:\/\/www.contract-alert.com\/#website"},"primaryImageOfPage":{"@id":"https:\/\/www.contract-alert.com\/fr\/avantages\/#primaryimage"},"image":{"@id":"https:\/\/www.contract-alert.com\/fr\/avantages\/#primaryimage"},"thumbnailUrl":"https:\/\/www.contract-alert.com\/wp-content\/uploads\/2011\/02\/icon-benefits.png","datePublished":"2016-06-21T15:32:31+00:00","dateModified":"2016-06-25T16:10:17+00:00","description":"gr\u00e2ce \u00e0 Contract Alert, logiciel de gestion de contrats, soyez s\u00fbr d\u2019\u00e9conomiser de l\u2019argent.","breadcrumb":{"@id":"https:\/\/www.contract-alert.com\/fr\/avantages\/#breadcrumb"},"inLanguage":"fr-FR","potentialAction":[{"@type":"ReadAction","target":["https:\/\/www.contract-alert.com\/fr\/avantages\/"]}]},{"@type":"ImageObject","inLanguage":"fr-FR","@id":"https:\/\/www.contract-alert.com\/fr\/avantages\/#primaryimage","url":"https:\/\/www.contract-alert.com\/wp-content\/uploads\/2011\/02\/icon-benefits.png","contentUrl":"https:\/\/www.contract-alert.com\/wp-content\/uploads\/2011\/02\/icon-benefits.png","width":"60","height":"60"},{"@type":"BreadcrumbList","@id":"https:\/\/www.contract-alert.com\/fr\/avantages\/#breadcrumb","itemListElement":[{"@type":"ListItem","position":1,"name":"Home","item":"https:\/\/www.contract-alert.com\/fr\/"},{"@type":"ListItem","position":2,"name":"Avantages"}]},{"@type":"WebSite","@id":"https:\/\/www.contract-alert.com\/#website","url":"https:\/\/www.contract-alert.com\/","name":"Contract Alert \u00ae","description":"Software to optimize\u00ad your contract administration","potentialAction":[{"@type":"SearchAction","target":{"@type":"EntryPoint","urlTemplate":"https:\/\/www.contract-alert.com\/?s={search_term_string}"},"query-input":{"@type":"PropertyValueSpecification","valueRequired":true,"valueName":"search_term_string"}}],"inLanguage":"fr-FR"}]}},"_links":{"self":[{"href":"https:\/\/www.contract-alert.com\/fr\/wp-json\/wp\/v2\/pages\/113762","targetHints":{"allow":["GET"]}}],"collection":[{"href":"https:\/\/www.contract-alert.com\/fr\/wp-json\/wp\/v2\/pages"}],"about":[{"href":"https:\/\/www.contract-alert.com\/fr\/wp-json\/wp\/v2\/types\/page"}],"author":[{"embeddable":true,"href":"https:\/\/www.contract-alert.com\/fr\/wp-json\/wp\/v2\/users\/3"}],"replies":[{"embeddable":true,"href":"https:\/\/www.contract-alert.com\/fr\/wp-json\/wp\/v2\/comments?post=113762"}],"version-history":[{"count":0,"href":"https:\/\/www.contract-alert.com\/fr\/wp-json\/wp\/v2\/pages\/113762\/revisions"}],"wp:featuredmedia":[{"embeddable":true,"href":"https:\/\/www.contract-alert.com\/fr\/wp-json\/wp\/v2\/media\/953"}],"wp:attachment":[{"href":"https:\/\/www.contract-alert.com\/fr\/wp-json\/wp\/v2\/media?parent=113762"}],"curies":[{"name":"wp","href":"https:\/\/api.w.org\/{rel}","templated":true}]}}