{"id":113760,"date":"2016-06-21T16:24:18","date_gmt":"2016-06-21T15:24:18","guid":{"rendered":"https:\/\/www.contract-alert.com\/fr\/?page_id=113760"},"modified":"2023-12-28T14:11:05","modified_gmt":"2023-12-28T13:11:05","slug":"tarifs","status":"publish","type":"page","link":"https:\/\/www.contract-alert.com\/fr\/tarifs\/","title":{"rendered":"Tarifs"},"content":{"rendered":"<p>\u00c0 utiliser par un seul d\u00e9partement ou toute l\u2019entreprise, nous avons une offre appropri\u00e9e.<br \/>\n<!--more--><br \/>\nPour g\u00e9rer un petit nombre de contrats, les \u00e9ditions limit\u00e9es sont id\u00e9ales pour d\u00e9marrer. Les \u00e9ditions compl\u00e8tes incluent 5 utilisateurs, pouvant \u00eatre augment\u00e9s au besoin.<\/p>\n<div class=\"features_grid pricing_grid\">\n<div class=\"row\">\n<div class=\"fifth columns price-definition\">\n<hgroup><\/hgroup>\n<ul>\n<li>\u00c9dition<\/li>\n<li>Utilisateurs<\/li>\n<li>Nombre de contrats<\/li>\n<li>Espace de stockage<\/li>\n<\/ul>\n<\/div>\n<div class=\"fifth columns price-bronze\">\n<hgroup>\n<h4>Adaptable<\/h4>\n<h2><span>\u00c0 partir de<\/span>\u20ac 210,-<\/h2>\n<\/hgroup>\n<ul>\n<li>Compl\u00e8te<\/li>\n<li>\u00c0 partir de 5<\/li>\n<li>Illimit\u00e9e<\/li>\n<li>1 Go<\/li>\n<\/ul>\n<\/div>\n<div class=\"fifth columns price-silver\">\n<hgroup>\n<h4>Standard<\/h4>\n<h2><span>\u00c0 partir de<\/span>\u20ac 175,-<\/h2>\n<\/hgroup>\n<ul>\n<li>Compl\u00e8te<\/li>\n<li>\u00c0 partir de 5<\/li>\n<li>Illimit\u00e9e<\/li>\n<li>1 Go<\/li>\n<\/ul>\n<\/div>\n<div class=\"fifth columns price-gold\">\n<hgroup>\n<h4>Adaptable<\/h4>\n<h2>\u20ac 85,-<\/h2>\n<\/hgroup>\n<ul>\n<li>Limit\u00e9e<\/li>\n<li>Maximum de 3<\/li>\n<li>Maximum 100<\/li>\n<li>250 Mo<\/li>\n<\/ul>\n<\/div>\n<div class=\"fifth columns price-platinum\">\n<hgroup>\n<h4>Standard<\/h4>\n<h2>\u20ac 70,-<\/h2>\n<\/hgroup>\n<ul>\n<li>Limit\u00e9e<\/li>\n<li>Maximum de 3<\/li>\n<li>Maximum 100<\/li>\n<li>250 Mo<\/li>\n<\/ul>\n<\/div>\n<\/div>\n<\/div>\n<p>Les frais mensuels sont nets de TVA, si applicable.<\/p>\n<div class=\"features_grid\">\n<div class=\"row\">\n<div class=\"four columns\">\n<h5>Puis-je annuler \u00e0 tout moment ?<\/h5>\n<p>Vous pouvez annuler votre abonnement \u00e0 tout moment. Nous pouvons faciliter l\u2019exportation de vos donn\u00e9es si vous choisissez de d\u00e9m\u00e9nager \u2013 bien que nous sommes persuad\u00e9s que vous serez satisfaits de notre produit. Dans le cas contraire, n\u2019h\u00e9sitez pas \u00e0 nous contacter.<\/p>\n<\/div>\n<div class=\"four columns\">\n<h5>Puis-je changer d&rsquo;\u00e9dition par la suite ?<\/h5>\n<p>Oui, vous pouvez surclasser ou d\u00e9classer votre programme \u00e0 tout moment. Conseil : essayez la version Adaptable pendant votre essai gratuit et d\u00e9classez si vous pensez que les options suppl\u00e9mentaires ne vous sont pas utiles.<\/p>\n<\/div>\n<div class=\"four columns\">\n<h5>Si j\u2019ai besoin de plus d\u2019espace de stockage ?<\/h5>\n<p>Envoyez un e-mail \u00e0 l\u2019assistance technique pour ajouter de l\u2019espace de stockage. Un espace de stockage suppl\u00e9mentaire est factur\u00e9 2,00 EUR par Go par mois.<\/p>\n<div class=\"row\"><\/div>\n<\/div>\n<\/div>\n<\/div>\n<p>Les \u00e9ditions compl\u00e8tes sont \u00e9galement disponibles pour des installations sur site, veuillez <a href=\"mailto:info@contract-alert.com\">nous contacter<\/a> pour un devis d\u00e9taill\u00e9.<\/p>\n<p><strong>Quelle option convient le mieux \u00e0 votre soci\u00e9t\u00e9 ?<\/strong><\/p>\n<div class=\"features_grid\">\n<div class=\"row\">\n<div class=\"columns six\">\n<p><strong>Mise en \u0153uvre du SaaS (Cloud) <\/strong><br \/>\nAcc\u00e8s facile avec un navigateur<br \/>\nNi mise \u00e0 jour, ni installation<br \/>\nAucun investissement dans les serveurs<br \/>\nAccessible partout, \u00e0 tout moment<br \/>\nSauvegardes automatiques<br \/>\nVous travaillez toujours avec la version la plus r\u00e9cente<\/p>\n<\/div>\n<div class=\"columns six\">\n<p><strong>Sur site<\/strong><br \/>\nPour installer votre serveur Web, vous avez besoin du logiciel suivant pour ex\u00e9cuter l\u2019application :<br \/>\nPHP (Version 5.2, 5.3 ou 5.4)<br \/>\nMySQL<br \/>\nChargeur Ioncube<\/p>\n<\/div>\n<\/div>\n<\/div>\n","protected":false},"excerpt":{"rendered":"<p>\u00c0 utiliser par un seul d\u00e9partement ou toute l\u2019entreprise, nous avons une offre appropri\u00e9e.<\/p>\n","protected":false},"author":3,"featured_media":949,"parent":0,"menu_order":4,"comment_status":"closed","ping_status":"closed","template":"template-full-width.php","meta":{"footnotes":""},"class_list":["post-113760","page","type-page","status-publish","has-post-thumbnail","hentry"],"yoast_head":"<!-- This site is optimized with the Yoast SEO plugin v26.4 - https:\/\/yoast.com\/wordpress\/plugins\/seo\/ -->\n<title>Tarifs- Contract Alert<\/title>\n<meta name=\"description\" content=\"\u00e0 utiliser par un seul d\u00e9partement ou toute l\u2019entreprise, nous avons une offre appropri\u00e9e.\" \/>\n<meta name=\"robots\" content=\"index, follow, max-snippet:-1, max-image-preview:large, max-video-preview:-1\" \/>\n<link rel=\"canonical\" href=\"https:\/\/www.contract-alert.com\/fr\/tarifs\/\" \/>\n<meta property=\"og:locale\" content=\"fr_FR\" \/>\n<meta property=\"og:type\" content=\"article\" \/>\n<meta property=\"og:title\" content=\"Tarifs- Contract Alert\" \/>\n<meta property=\"og:description\" content=\"\u00e0 utiliser par un seul d\u00e9partement ou toute l\u2019entreprise, nous avons une offre appropri\u00e9e.\" \/>\n<meta property=\"og:url\" content=\"https:\/\/www.contract-alert.com\/fr\/tarifs\/\" \/>\n<meta property=\"og:site_name\" content=\"Contract Alert \u00ae\" \/>\n<meta property=\"article:modified_time\" content=\"2023-12-28T13:11:05+00:00\" \/>\n<meta property=\"og:image\" content=\"https:\/\/www.contract-alert.com\/wp-content\/uploads\/2012\/11\/icon-mission.png\" \/>\n\t<meta property=\"og:image:width\" content=\"60\" \/>\n\t<meta property=\"og:image:height\" content=\"60\" \/>\n\t<meta property=\"og:image:type\" content=\"image\/png\" \/>\n<meta name=\"twitter:card\" content=\"summary_large_image\" \/>\n<meta name=\"twitter:site\" content=\"@contractalert\" \/>\n<meta name=\"twitter:label1\" content=\"Dur\u00e9e de lecture estim\u00e9e\" \/>\n\t<meta name=\"twitter:data1\" content=\"2 minutes\" \/>\n<script type=\"application\/ld+json\" class=\"yoast-schema-graph\">{\"@context\":\"https:\/\/schema.org\",\"@graph\":[{\"@type\":\"WebPage\",\"@id\":\"https:\/\/www.contract-alert.com\/fr\/tarifs\/\",\"url\":\"https:\/\/www.contract-alert.com\/fr\/tarifs\/\",\"name\":\"Tarifs- Contract Alert\",\"isPartOf\":{\"@id\":\"https:\/\/www.contract-alert.com\/#website\"},\"primaryImageOfPage\":{\"@id\":\"https:\/\/www.contract-alert.com\/fr\/tarifs\/#primaryimage\"},\"image\":{\"@id\":\"https:\/\/www.contract-alert.com\/fr\/tarifs\/#primaryimage\"},\"thumbnailUrl\":\"https:\/\/www.contract-alert.com\/wp-content\/uploads\/2012\/11\/icon-mission.png\",\"datePublished\":\"2016-06-21T15:24:18+00:00\",\"dateModified\":\"2023-12-28T13:11:05+00:00\",\"description\":\"\u00e0 utiliser par un seul d\u00e9partement ou toute l\u2019entreprise, nous avons une offre appropri\u00e9e.\",\"breadcrumb\":{\"@id\":\"https:\/\/www.contract-alert.com\/fr\/tarifs\/#breadcrumb\"},\"inLanguage\":\"fr-FR\",\"potentialAction\":[{\"@type\":\"ReadAction\",\"target\":[\"https:\/\/www.contract-alert.com\/fr\/tarifs\/\"]}]},{\"@type\":\"ImageObject\",\"inLanguage\":\"fr-FR\",\"@id\":\"https:\/\/www.contract-alert.com\/fr\/tarifs\/#primaryimage\",\"url\":\"https:\/\/www.contract-alert.com\/wp-content\/uploads\/2012\/11\/icon-mission.png\",\"contentUrl\":\"https:\/\/www.contract-alert.com\/wp-content\/uploads\/2012\/11\/icon-mission.png\",\"width\":\"60\",\"height\":\"60\"},{\"@type\":\"BreadcrumbList\",\"@id\":\"https:\/\/www.contract-alert.com\/fr\/tarifs\/#breadcrumb\",\"itemListElement\":[{\"@type\":\"ListItem\",\"position\":1,\"name\":\"Home\",\"item\":\"https:\/\/www.contract-alert.com\/fr\/\"},{\"@type\":\"ListItem\",\"position\":2,\"name\":\"Tarifs\"}]},{\"@type\":\"WebSite\",\"@id\":\"https:\/\/www.contract-alert.com\/#website\",\"url\":\"https:\/\/www.contract-alert.com\/\",\"name\":\"Contract Alert \u00ae\",\"description\":\"Software to optimize\u00ad your contract administration\",\"potentialAction\":[{\"@type\":\"SearchAction\",\"target\":{\"@type\":\"EntryPoint\",\"urlTemplate\":\"https:\/\/www.contract-alert.com\/?s={search_term_string}\"},\"query-input\":{\"@type\":\"PropertyValueSpecification\",\"valueRequired\":true,\"valueName\":\"search_term_string\"}}],\"inLanguage\":\"fr-FR\"}]}<\/script>\n<!-- \/ Yoast SEO plugin. -->","yoast_head_json":{"title":"Tarifs- Contract Alert","description":"\u00e0 utiliser par un seul d\u00e9partement ou toute l\u2019entreprise, nous avons une offre appropri\u00e9e.","robots":{"index":"index","follow":"follow","max-snippet":"max-snippet:-1","max-image-preview":"max-image-preview:large","max-video-preview":"max-video-preview:-1"},"canonical":"https:\/\/www.contract-alert.com\/fr\/tarifs\/","og_locale":"fr_FR","og_type":"article","og_title":"Tarifs- Contract Alert","og_description":"\u00e0 utiliser par un seul d\u00e9partement ou toute l\u2019entreprise, nous avons une offre appropri\u00e9e.","og_url":"https:\/\/www.contract-alert.com\/fr\/tarifs\/","og_site_name":"Contract Alert \u00ae","article_modified_time":"2023-12-28T13:11:05+00:00","og_image":[{"width":60,"height":60,"url":"https:\/\/www.contract-alert.com\/wp-content\/uploads\/2012\/11\/icon-mission.png","type":"image\/png"}],"twitter_card":"summary_large_image","twitter_site":"@contractalert","twitter_misc":{"Dur\u00e9e de lecture estim\u00e9e":"2 minutes"},"schema":{"@context":"https:\/\/schema.org","@graph":[{"@type":"WebPage","@id":"https:\/\/www.contract-alert.com\/fr\/tarifs\/","url":"https:\/\/www.contract-alert.com\/fr\/tarifs\/","name":"Tarifs- Contract Alert","isPartOf":{"@id":"https:\/\/www.contract-alert.com\/#website"},"primaryImageOfPage":{"@id":"https:\/\/www.contract-alert.com\/fr\/tarifs\/#primaryimage"},"image":{"@id":"https:\/\/www.contract-alert.com\/fr\/tarifs\/#primaryimage"},"thumbnailUrl":"https:\/\/www.contract-alert.com\/wp-content\/uploads\/2012\/11\/icon-mission.png","datePublished":"2016-06-21T15:24:18+00:00","dateModified":"2023-12-28T13:11:05+00:00","description":"\u00e0 utiliser par un seul d\u00e9partement ou toute l\u2019entreprise, nous avons une offre appropri\u00e9e.","breadcrumb":{"@id":"https:\/\/www.contract-alert.com\/fr\/tarifs\/#breadcrumb"},"inLanguage":"fr-FR","potentialAction":[{"@type":"ReadAction","target":["https:\/\/www.contract-alert.com\/fr\/tarifs\/"]}]},{"@type":"ImageObject","inLanguage":"fr-FR","@id":"https:\/\/www.contract-alert.com\/fr\/tarifs\/#primaryimage","url":"https:\/\/www.contract-alert.com\/wp-content\/uploads\/2012\/11\/icon-mission.png","contentUrl":"https:\/\/www.contract-alert.com\/wp-content\/uploads\/2012\/11\/icon-mission.png","width":"60","height":"60"},{"@type":"BreadcrumbList","@id":"https:\/\/www.contract-alert.com\/fr\/tarifs\/#breadcrumb","itemListElement":[{"@type":"ListItem","position":1,"name":"Home","item":"https:\/\/www.contract-alert.com\/fr\/"},{"@type":"ListItem","position":2,"name":"Tarifs"}]},{"@type":"WebSite","@id":"https:\/\/www.contract-alert.com\/#website","url":"https:\/\/www.contract-alert.com\/","name":"Contract Alert \u00ae","description":"Software to optimize\u00ad your contract administration","potentialAction":[{"@type":"SearchAction","target":{"@type":"EntryPoint","urlTemplate":"https:\/\/www.contract-alert.com\/?s={search_term_string}"},"query-input":{"@type":"PropertyValueSpecification","valueRequired":true,"valueName":"search_term_string"}}],"inLanguage":"fr-FR"}]}},"_links":{"self":[{"href":"https:\/\/www.contract-alert.com\/fr\/wp-json\/wp\/v2\/pages\/113760","targetHints":{"allow":["GET"]}}],"collection":[{"href":"https:\/\/www.contract-alert.com\/fr\/wp-json\/wp\/v2\/pages"}],"about":[{"href":"https:\/\/www.contract-alert.com\/fr\/wp-json\/wp\/v2\/types\/page"}],"author":[{"embeddable":true,"href":"https:\/\/www.contract-alert.com\/fr\/wp-json\/wp\/v2\/users\/3"}],"replies":[{"embeddable":true,"href":"https:\/\/www.contract-alert.com\/fr\/wp-json\/wp\/v2\/comments?post=113760"}],"version-history":[{"count":9,"href":"https:\/\/www.contract-alert.com\/fr\/wp-json\/wp\/v2\/pages\/113760\/revisions"}],"predecessor-version":[{"id":114265,"href":"https:\/\/www.contract-alert.com\/fr\/wp-json\/wp\/v2\/pages\/113760\/revisions\/114265"}],"wp:featuredmedia":[{"embeddable":true,"href":"https:\/\/www.contract-alert.com\/fr\/wp-json\/wp\/v2\/media\/949"}],"wp:attachment":[{"href":"https:\/\/www.contract-alert.com\/fr\/wp-json\/wp\/v2\/media?parent=113760"}],"curies":[{"name":"wp","href":"https:\/\/api.w.org\/{rel}","templated":true}]}}