{"id":113758,"date":"2016-06-21T16:18:23","date_gmt":"2016-06-21T15:18:23","guid":{"rendered":"https:\/\/www.contract-alert.com\/fr\/?page_id=113758"},"modified":"2025-11-29T08:24:20","modified_gmt":"2025-11-29T07:24:20","slug":"a-propos-de-contract-alert","status":"publish","type":"page","link":"https:\/\/www.contract-alert.com\/fr\/a-propos-de-contract-alert\/","title":{"rendered":"\u00c0 propos de Contract Alert"},"content":{"rendered":"<p>Contract Alert est utilis\u00e9 par une grande vari\u00e9t\u00e9 d\u2019entreprises, petites et grandes, priv\u00e9es ou cot\u00e9es en bourse. Elles sont pr\u00e9sentes dans diff\u00e9rents secteurs d\u2019activit\u00e9 tels que l\u2019agriculture, le fret a\u00e9rien, le d\u00e9veloppement de logiciels, la fabrication de turbines \u00e9oliennes ou la fourniture de solutions de paiement mobile, entre autres.<br \/>\nLes instigateurs de la mise en \u0153uvre de notre logiciel de gestion de contrats sont en g\u00e9n\u00e9ral des membres de la cha\u00eene logistique \u2013 service juridique, service des achats et direction financi\u00e8re.<\/p>\n<h4>Pourquoi ont-ils choisi Contract Alert ?<\/h4>\n<h5>Simplicit\u00e9<\/h5>\n<p>C\u2019est probablement la raison principale. \u00c0 notre avis, un logiciel de gestion de contrats doit \u00eatre simple et intuitif pour s\u2019assurer que les utilisateurs l\u2019adoptent.<\/p>\n<h5>Retour sur investissement<\/h5>\n<p>Quel que soit le logiciel de gestion de contrats que vous mettez en \u0153uvre, votre retour sur investissement sera le plus \u00e9lev\u00e9 dans la premi\u00e8re ann\u00e9e de la mise en \u0153uvre. Les ann\u00e9es suivantes continueront \u00e0 produire de la valeur, puisque vous pourrez n\u00e9gocier dans les d\u00e9lais, augmenter la conformit\u00e9 avec vos accords et simplifier vos processus. Mais, \u00e0 un moment donn\u00e9, vous ne pourrez pas n\u00e9gocier de meilleurs taux, les \u00e9conomies n\u2019\u00e9tant pas in\u00e9puisables.<\/p>\n<h5>Engagement<\/h5>\n<p>Nous sommes conscients que notre r\u00e9ussite d\u00e9pend de la v\u00f4tre. Nous investissons, donc, dans une relation personnelle et nous vous aiderons \u00e0 r\u00e9soudre vos probl\u00e8mes du mieux possible.<\/p>\n<h5>Historique<\/h5>\n<p>Contract Alert est un produit de LP&amp;S, soci\u00e9t\u00e9 de conseils situ\u00e9 dans le Grand-Duch\u00e9 de Luxembourg, qui a commenc\u00e9, en 2005, comme un projet parall\u00e8le. \u00c0 cette \u00e9poque, une soci\u00e9t\u00e9 h\u00f4teli\u00e8re n\u2019\u00e9tait pas satisfaite des solutions existantes et recherchait :<\/p>\n<ul>\n<li>La simplicit\u00e9 d\u2019utilisation, en raison du roulement \u00e9lev\u00e9 du personnel dans le secteur ;<\/li>\n<li>Un ensemble d\u2019options limit\u00e9 pour \u00e9viter les d\u00e9penses li\u00e9es \u00e0 la formation ;<\/li>\n<li>Des solutions bas\u00e9es sur le Web, ayant des h\u00f4tels dans diff\u00e9rents pays et villes ;<\/li>\n<li>Des solutions bon march\u00e9.<\/li>\n<\/ul>\n<p>C\u2019est ce qui a motiv\u00e9 la cr\u00e9ation d\u2019un plan du logiciel de gestion de contrats et l\u2019externalisation de la programmation \u00e0 une soci\u00e9t\u00e9 professionnelle bas\u00e9e en Allemagne. Depuis lors, nous continuons \u00e0 externaliser la programmation et de nombreuses options se sont ajout\u00e9es, mais toujours dans la perspective de la simplicit\u00e9 et cela ne changera pas \u00e0 l\u2019avenir.<\/p>\n<h5>Autofinancement<\/h5>\n<p><img loading=\"lazy\" decoding=\"async\" class=\"alignright size-full wp-image-113265\" src=\"https:\/\/www.contract-alert.com\/wp-content\/uploads\/2014\/06\/recrev2017.png\" alt=\"recurring-revenue Vertragsmanagement software\" width=\"550\" height=\"350\" \/>Contract Alert a \u00e9t\u00e9 financ\u00e9 au fil des ans par de nombreux emplois de consultation et les revenus qu\u2019ils g\u00e9n\u00e9raient.<\/p>\n<p>Nous continuons \u00e0 investir et \u00e0 am\u00e9liorer le produit sur la base des commentaires des clients.<\/p>\n<p>Nous n\u2019avons aucune dette, ni d\u2019investisseurs externes \u00e0 satisfaire. Les flux de liquidit\u00e9s g\u00e9n\u00e9r\u00e9s par le produit sont positifs depuis plusieurs ann\u00e9es et nous pouvons d\u00e9terminer ind\u00e9pendamment la marche \u00e0 suivre.<\/p>\n<p>Nous aimons ce que nous faisons et la croissance de nos revenus nous montre que nous sommes sur la bonne voie. Alors tous les feux sont verts pour garantir notre pr\u00e9sence dans la prochaine d\u00e9cennie.<\/p>\n<div class=\"row\">\n<div class=\"four columns\">\n<p>Contract Alert est une marque d\u00e9pos\u00e9e de Lodging Products &amp; Services S.\u00e0.r.l.<\/p>\n<p>Num\u00e9ro d\u2019immatriculation de la soci\u00e9t\u00e9 : B 101880<br \/>\nNum\u00e9ro de TVA : LU 20775327<br \/>\nDate de constitution : Juillet 2004<\/p>\n<\/div>\n<div class=\"four columns\">\n<p>57,\u00a0 Rue de la Gare<br \/>\nL-6440 Echternach \/ Luxembourg<br \/>\nTel : +352- 20.20.23.21<br \/>\nFax: +352-20.20.23.29<br \/>\neMail: <a href=\"mailto:info@contract-alert.com\">info@contract-alert.com<\/a><\/p>\n<\/div>\n<\/div>\n","protected":false},"excerpt":{"rendered":"<p>Contract Alert est utilis\u00e9 par une grande vari\u00e9t\u00e9 d\u2019entreprises, petites et grandes, priv\u00e9es ou cot\u00e9es en bourse. Elles sont pr\u00e9sentes dans diff\u00e9rents secteurs d\u2019activit\u00e9 tels que l\u2019agriculture, le fret a\u00e9rien, le d\u00e9veloppement de logiciels, la fabrication de turbines \u00e9oliennes ou la fourniture de solutions de paiement mobile, entre autres. Les instigateurs de la mise en [&hellip;]<\/p>\n","protected":false},"author":13,"featured_media":0,"parent":0,"menu_order":7,"comment_status":"closed","ping_status":"closed","template":"template-full-width.php","meta":{"footnotes":""},"class_list":["post-113758","page","type-page","status-publish","hentry"],"yoast_head":"<!-- This site is optimized with the Yoast SEO plugin v26.4 - https:\/\/yoast.com\/wordpress\/plugins\/seo\/ -->\n<title>\u00c0 propos de Contract Alert - Logiciel de gestion de contrats<\/title>\n<meta name=\"description\" content=\"Le logiciel de gestion de contrats Contract Alert est utilis\u00e9 par une grande vari\u00e9t\u00e9 d\u2019entreprises, petites et grandes, priv\u00e9es ou cot\u00e9es en bourse.\" \/>\n<meta name=\"robots\" content=\"index, follow, max-snippet:-1, max-image-preview:large, max-video-preview:-1\" \/>\n<link rel=\"canonical\" href=\"https:\/\/www.contract-alert.com\/fr\/a-propos-de-contract-alert\/\" \/>\n<meta property=\"og:locale\" content=\"fr_FR\" \/>\n<meta property=\"og:type\" content=\"article\" \/>\n<meta property=\"og:title\" content=\"\u00c0 propos de Contract Alert - Logiciel de gestion de contrats\" \/>\n<meta property=\"og:description\" content=\"Le logiciel de gestion de contrats Contract Alert est utilis\u00e9 par une grande vari\u00e9t\u00e9 d\u2019entreprises, petites et grandes, priv\u00e9es ou cot\u00e9es en bourse.\" \/>\n<meta property=\"og:url\" content=\"https:\/\/www.contract-alert.com\/fr\/a-propos-de-contract-alert\/\" \/>\n<meta property=\"og:site_name\" content=\"Contract Alert \u00ae\" \/>\n<meta property=\"article:modified_time\" content=\"2025-11-29T07:24:20+00:00\" \/>\n<meta property=\"og:image\" content=\"https:\/\/www.contract-alert.com\/wp-content\/uploads\/2014\/05\/recurring-revenue1.png\" \/>\n\t<meta property=\"og:image:width\" content=\"550\" \/>\n\t<meta property=\"og:image:height\" content=\"350\" \/>\n\t<meta property=\"og:image:type\" content=\"image\/png\" \/>\n<meta name=\"twitter:card\" content=\"summary_large_image\" \/>\n<meta name=\"twitter:site\" content=\"@contractalert\" \/>\n<meta name=\"twitter:label1\" content=\"Dur\u00e9e de lecture estim\u00e9e\" \/>\n\t<meta name=\"twitter:data1\" content=\"4 minutes\" \/>\n<script type=\"application\/ld+json\" class=\"yoast-schema-graph\">{\"@context\":\"https:\/\/schema.org\",\"@graph\":[{\"@type\":\"WebPage\",\"@id\":\"https:\/\/www.contract-alert.com\/fr\/a-propos-de-contract-alert\/\",\"url\":\"https:\/\/www.contract-alert.com\/fr\/a-propos-de-contract-alert\/\",\"name\":\"\u00c0 propos de Contract Alert - Logiciel de gestion de contrats\",\"isPartOf\":{\"@id\":\"https:\/\/www.contract-alert.com\/#website\"},\"primaryImageOfPage\":{\"@id\":\"https:\/\/www.contract-alert.com\/fr\/a-propos-de-contract-alert\/#primaryimage\"},\"image\":{\"@id\":\"https:\/\/www.contract-alert.com\/fr\/a-propos-de-contract-alert\/#primaryimage\"},\"thumbnailUrl\":\"https:\/\/www.contract-alert.com\/wp-content\/uploads\/2014\/06\/recrev2017.png\",\"datePublished\":\"2016-06-21T15:18:23+00:00\",\"dateModified\":\"2025-11-29T07:24:20+00:00\",\"description\":\"Le logiciel de gestion de contrats Contract Alert est utilis\u00e9 par une grande vari\u00e9t\u00e9 d\u2019entreprises, petites et grandes, priv\u00e9es ou cot\u00e9es en bourse.\",\"breadcrumb\":{\"@id\":\"https:\/\/www.contract-alert.com\/fr\/a-propos-de-contract-alert\/#breadcrumb\"},\"inLanguage\":\"fr-FR\",\"potentialAction\":[{\"@type\":\"ReadAction\",\"target\":[\"https:\/\/www.contract-alert.com\/fr\/a-propos-de-contract-alert\/\"]}]},{\"@type\":\"ImageObject\",\"inLanguage\":\"fr-FR\",\"@id\":\"https:\/\/www.contract-alert.com\/fr\/a-propos-de-contract-alert\/#primaryimage\",\"url\":\"https:\/\/www.contract-alert.com\/wp-content\/uploads\/2014\/06\/recrev2017.png\",\"contentUrl\":\"https:\/\/www.contract-alert.com\/wp-content\/uploads\/2014\/06\/recrev2017.png\"},{\"@type\":\"BreadcrumbList\",\"@id\":\"https:\/\/www.contract-alert.com\/fr\/a-propos-de-contract-alert\/#breadcrumb\",\"itemListElement\":[{\"@type\":\"ListItem\",\"position\":1,\"name\":\"Home\",\"item\":\"https:\/\/www.contract-alert.com\/fr\/\"},{\"@type\":\"ListItem\",\"position\":2,\"name\":\"\u00c0 propos de Contract Alert\"}]},{\"@type\":\"WebSite\",\"@id\":\"https:\/\/www.contract-alert.com\/#website\",\"url\":\"https:\/\/www.contract-alert.com\/\",\"name\":\"Contract Alert \u00ae\",\"description\":\"Software to optimize\u00ad your contract administration\",\"potentialAction\":[{\"@type\":\"SearchAction\",\"target\":{\"@type\":\"EntryPoint\",\"urlTemplate\":\"https:\/\/www.contract-alert.com\/?s={search_term_string}\"},\"query-input\":{\"@type\":\"PropertyValueSpecification\",\"valueRequired\":true,\"valueName\":\"search_term_string\"}}],\"inLanguage\":\"fr-FR\"}]}<\/script>\n<!-- \/ Yoast SEO plugin. -->","yoast_head_json":{"title":"\u00c0 propos de Contract Alert - Logiciel de gestion de contrats","description":"Le logiciel de gestion de contrats Contract Alert est utilis\u00e9 par une grande vari\u00e9t\u00e9 d\u2019entreprises, petites et grandes, priv\u00e9es ou cot\u00e9es en bourse.","robots":{"index":"index","follow":"follow","max-snippet":"max-snippet:-1","max-image-preview":"max-image-preview:large","max-video-preview":"max-video-preview:-1"},"canonical":"https:\/\/www.contract-alert.com\/fr\/a-propos-de-contract-alert\/","og_locale":"fr_FR","og_type":"article","og_title":"\u00c0 propos de Contract Alert - Logiciel de gestion de contrats","og_description":"Le logiciel de gestion de contrats Contract Alert est utilis\u00e9 par une grande vari\u00e9t\u00e9 d\u2019entreprises, petites et grandes, priv\u00e9es ou cot\u00e9es en bourse.","og_url":"https:\/\/www.contract-alert.com\/fr\/a-propos-de-contract-alert\/","og_site_name":"Contract Alert \u00ae","article_modified_time":"2025-11-29T07:24:20+00:00","og_image":[{"width":550,"height":350,"url":"https:\/\/www.contract-alert.com\/wp-content\/uploads\/2014\/05\/recurring-revenue1.png","type":"image\/png"}],"twitter_card":"summary_large_image","twitter_site":"@contractalert","twitter_misc":{"Dur\u00e9e de lecture estim\u00e9e":"4 minutes"},"schema":{"@context":"https:\/\/schema.org","@graph":[{"@type":"WebPage","@id":"https:\/\/www.contract-alert.com\/fr\/a-propos-de-contract-alert\/","url":"https:\/\/www.contract-alert.com\/fr\/a-propos-de-contract-alert\/","name":"\u00c0 propos de Contract Alert - Logiciel de gestion de contrats","isPartOf":{"@id":"https:\/\/www.contract-alert.com\/#website"},"primaryImageOfPage":{"@id":"https:\/\/www.contract-alert.com\/fr\/a-propos-de-contract-alert\/#primaryimage"},"image":{"@id":"https:\/\/www.contract-alert.com\/fr\/a-propos-de-contract-alert\/#primaryimage"},"thumbnailUrl":"https:\/\/www.contract-alert.com\/wp-content\/uploads\/2014\/06\/recrev2017.png","datePublished":"2016-06-21T15:18:23+00:00","dateModified":"2025-11-29T07:24:20+00:00","description":"Le logiciel de gestion de contrats Contract Alert est utilis\u00e9 par une grande vari\u00e9t\u00e9 d\u2019entreprises, petites et grandes, priv\u00e9es ou cot\u00e9es en bourse.","breadcrumb":{"@id":"https:\/\/www.contract-alert.com\/fr\/a-propos-de-contract-alert\/#breadcrumb"},"inLanguage":"fr-FR","potentialAction":[{"@type":"ReadAction","target":["https:\/\/www.contract-alert.com\/fr\/a-propos-de-contract-alert\/"]}]},{"@type":"ImageObject","inLanguage":"fr-FR","@id":"https:\/\/www.contract-alert.com\/fr\/a-propos-de-contract-alert\/#primaryimage","url":"https:\/\/www.contract-alert.com\/wp-content\/uploads\/2014\/06\/recrev2017.png","contentUrl":"https:\/\/www.contract-alert.com\/wp-content\/uploads\/2014\/06\/recrev2017.png"},{"@type":"BreadcrumbList","@id":"https:\/\/www.contract-alert.com\/fr\/a-propos-de-contract-alert\/#breadcrumb","itemListElement":[{"@type":"ListItem","position":1,"name":"Home","item":"https:\/\/www.contract-alert.com\/fr\/"},{"@type":"ListItem","position":2,"name":"\u00c0 propos de Contract Alert"}]},{"@type":"WebSite","@id":"https:\/\/www.contract-alert.com\/#website","url":"https:\/\/www.contract-alert.com\/","name":"Contract Alert \u00ae","description":"Software to optimize\u00ad your contract administration","potentialAction":[{"@type":"SearchAction","target":{"@type":"EntryPoint","urlTemplate":"https:\/\/www.contract-alert.com\/?s={search_term_string}"},"query-input":{"@type":"PropertyValueSpecification","valueRequired":true,"valueName":"search_term_string"}}],"inLanguage":"fr-FR"}]}},"_links":{"self":[{"href":"https:\/\/www.contract-alert.com\/fr\/wp-json\/wp\/v2\/pages\/113758","targetHints":{"allow":["GET"]}}],"collection":[{"href":"https:\/\/www.contract-alert.com\/fr\/wp-json\/wp\/v2\/pages"}],"about":[{"href":"https:\/\/www.contract-alert.com\/fr\/wp-json\/wp\/v2\/types\/page"}],"author":[{"embeddable":true,"href":"https:\/\/www.contract-alert.com\/fr\/wp-json\/wp\/v2\/users\/13"}],"replies":[{"embeddable":true,"href":"https:\/\/www.contract-alert.com\/fr\/wp-json\/wp\/v2\/comments?post=113758"}],"version-history":[{"count":3,"href":"https:\/\/www.contract-alert.com\/fr\/wp-json\/wp\/v2\/pages\/113758\/revisions"}],"predecessor-version":[{"id":114302,"href":"https:\/\/www.contract-alert.com\/fr\/wp-json\/wp\/v2\/pages\/113758\/revisions\/114302"}],"wp:attachment":[{"href":"https:\/\/www.contract-alert.com\/fr\/wp-json\/wp\/v2\/media?parent=113758"}],"curies":[{"name":"wp","href":"https:\/\/api.w.org\/{rel}","templated":true}]}}