{"id":113755,"date":"2016-06-21T07:46:49","date_gmt":"2016-06-21T06:46:49","guid":{"rendered":"https:\/\/www.contract-alert.com\/fr\/?page_id=113755"},"modified":"2016-10-25T14:58:36","modified_gmt":"2016-10-25T13:58:36","slug":"logiciel-permettant-de-simplifier-la-gestion-de-vos-contrats","status":"publish","type":"page","link":"https:\/\/www.contract-alert.com\/fr\/","title":{"rendered":"Logiciel permettant de simplifier la gestion de vos contrats"},"content":{"rendered":"<div class=\"row\">\n<div class=\"four columns\"><img loading=\"lazy\" decoding=\"async\" class=\"alignright size-full wp-image-112490\" src=\"https:\/\/www.contract-alert.com\/wp-content\/uploads\/2013\/08\/email_white1.jpg\" alt=\"Logiciel de gestion de contrats\" width=\"200\" height=\"167\" \/><\/div>\n<div class=\"eight columns\">\n<h5 style=\"text-align: left;\">Alertes \u00e9lectroniques<\/h5>\n<p style=\"text-align: left;\">Recevez des alertes \u00e9lectroniques rapides sur les dates d\u2019expiration et tous les autres d\u00e9lais des contrats livrables.<br \/>\nEn ajoutant des \u00e9ch\u00e9ances \u00e0 un contrat, le logiciel de gestion de contrats informera automatiquement l\u2019utilisateur de l\u2019\u00e9tape suivante du processus pour simplifier vos op\u00e9rations.<\/p>\n<\/div>\n<\/div>\n<p>&nbsp;<\/p>\n<div class=\"row\">\n<div class=\"one columns\"><\/div>\n<div class=\"eight columns\">\n<h5 style=\"text-align: left;\">Un meilleur moyen de collaborer<\/h5>\n<p style=\"text-align: left;\">Partagez avec votre \u00e9quipe l\u2019acc\u00e8s \u00e0 vos r\u00e9cents contrats et mises \u00e0 jour \u2013 pour que tout le monde soit inform\u00e9.<br \/>\nToutes les modifications apport\u00e9es \u00e0 un contrat apparaissent sur le tableau de bord de l\u2019utilisateur, permettant \u00e0 toute personne absente de se tenir facilement inform\u00e9e.<\/p>\n<p>Le logiciel de gestion de contrats Contract Alert vous permet de travailler o\u00f9 que vous soyez.<\/p>\n<\/div>\n<div class=\"three columns\"><img loading=\"lazy\" decoding=\"async\" class=\"aligncenter size-full wp-image-112986\" src=\"https:\/\/www.contract-alert.com\/wp-content\/uploads\/2013\/08\/contract_updates.png\" alt=\"mis \u00e0 jour de contrats\" width=\"200\" height=\"167\" \/><\/div>\n<\/div>\n<p>&nbsp;<\/p>\n<div class=\"row\">\n<div class=\"four columns\"><img loading=\"lazy\" decoding=\"async\" class=\"alignright size-full wp-image-112500\" src=\"https:\/\/www.contract-alert.com\/wp-content\/uploads\/2013\/08\/users_white.jpg\" alt=\"acc\u00e8s utilisateur\" width=\"200\" height=\"167\" \/><\/div>\n<div class=\"eight columns\">\n<h5 style=\"text-align: left;\">Contr\u00f4le granulaire de l\u2019acc\u00e8s utilisateur<\/h5>\n<p style=\"text-align: left;\">Un contr\u00f4le d\u2019acc\u00e8s bas\u00e9 sur les r\u00f4les permet de limiter l\u2019acc\u00e8s aux contrats et aux options de programmes. Vous pouvez accorder un acc\u00e8s en \u00ab lecture-seule \u00bb ou m\u00eame d\u00e9terminer, au niveau du contrat, quelles sont les informations accessibles, telles que les informations financi\u00e8res ou les documents contractuels.<br \/>\nVous avez le contr\u00f4le total sur la quantit\u00e9 d\u2019informations que l\u2019utilisateur peut visualiser.<\/p>\n<\/div>\n<\/div>\n<p>&nbsp;<\/p>\n<div class=\"row\">\n<div class=\"one columns\"><\/div>\n<div class=\"eight columns\">\n<h5 style=\"text-align: left;\">Rechercher vos documents<\/h5>\n<p style=\"text-align: left;\">Ajoutez des documents scann\u00e9s aux contrats pour que toutes les informations pertinentes soient disponibles dans votre base de donn\u00e9es.<\/p>\n<p>La gestion de contrats est un \u00e9l\u00e9ment crucial dans le contr\u00f4le de votre entreprise : elle r\u00e9duit les risques tout en faisant des \u00e9conomies de co\u00fbts.<\/p>\n<\/div>\n<div class=\"three columns\"><img loading=\"lazy\" decoding=\"async\" class=\"aligncenter size-full wp-image-112975\" src=\"https:\/\/www.contract-alert.com\/wp-content\/uploads\/2013\/08\/documents.jpg\" alt=\"documents\" width=\"200\" height=\"167\" \/><\/div>\n<\/div>\n<p>&nbsp;<\/p>\n","protected":false},"excerpt":{"rendered":"<p>Alertes \u00e9lectroniques Recevez des alertes \u00e9lectroniques rapides sur les dates d\u2019expiration et tous les autres d\u00e9lais des contrats livrables. En ajoutant des \u00e9ch\u00e9ances \u00e0 un contrat, le logiciel de gestion de contrats informera automatiquement l\u2019utilisateur de l\u2019\u00e9tape suivante du processus pour simplifier vos op\u00e9rations. &nbsp; Un meilleur moyen de collaborer Partagez avec votre \u00e9quipe l\u2019acc\u00e8s [&hellip;]<\/p>\n","protected":false},"author":3,"featured_media":973,"parent":0,"menu_order":132,"comment_status":"closed","ping_status":"closed","template":"template-home-new.php","meta":{"footnotes":""},"class_list":["post-113755","page","type-page","status-publish","has-post-thumbnail","hentry"],"yoast_head":"<!-- This site is optimized with the Yoast SEO plugin v26.4 - https:\/\/yoast.com\/wordpress\/plugins\/seo\/ -->\n<title>Logiciel de gestion de contrats<\/title>\n<meta name=\"description\" content=\"Le logiciel de gestion de contrats, Contract Alert, est un logiciel visant \u00e0 optimiser votre processus de gestion de contrats. Essai gratuit !\" \/>\n<meta name=\"robots\" content=\"index, follow, max-snippet:-1, max-image-preview:large, max-video-preview:-1\" \/>\n<link rel=\"canonical\" href=\"https:\/\/www.contract-alert.com\/fr\/\" \/>\n<meta property=\"og:locale\" content=\"fr_FR\" \/>\n<meta property=\"og:type\" content=\"article\" \/>\n<meta property=\"og:title\" content=\"Logiciel de gestion de contrats\" \/>\n<meta property=\"og:description\" content=\"Le logiciel de gestion de contrats, Contract Alert, est un logiciel visant \u00e0 optimiser votre processus de gestion de contrats. Essai gratuit !\" \/>\n<meta property=\"og:url\" content=\"https:\/\/www.contract-alert.com\/fr\/\" \/>\n<meta property=\"og:site_name\" content=\"Contract Alert \u00ae\" \/>\n<meta property=\"article:modified_time\" content=\"2016-10-25T13:58:36+00:00\" \/>\n<meta property=\"og:image\" content=\"https:\/\/www.contract-alert.com\/wp-content\/uploads\/2012\/11\/man.jpeg\" \/>\n\t<meta property=\"og:image:width\" content=\"900\" \/>\n\t<meta property=\"og:image:height\" content=\"468\" \/>\n\t<meta property=\"og:image:type\" content=\"image\/jpeg\" \/>\n<meta name=\"twitter:card\" content=\"summary_large_image\" \/>\n<meta name=\"twitter:site\" content=\"@contractalert\" \/>\n<meta name=\"twitter:label1\" content=\"Dur\u00e9e de lecture estim\u00e9e\" \/>\n\t<meta name=\"twitter:data1\" content=\"1 minute\" \/>\n<script type=\"application\/ld+json\" class=\"yoast-schema-graph\">{\"@context\":\"https:\/\/schema.org\",\"@graph\":[{\"@type\":\"WebPage\",\"@id\":\"https:\/\/www.contract-alert.com\/fr\/\",\"url\":\"https:\/\/www.contract-alert.com\/fr\/\",\"name\":\"Logiciel de gestion de contrats\",\"isPartOf\":{\"@id\":\"https:\/\/www.contract-alert.com\/#website\"},\"primaryImageOfPage\":{\"@id\":\"https:\/\/www.contract-alert.com\/fr\/#primaryimage\"},\"image\":{\"@id\":\"https:\/\/www.contract-alert.com\/fr\/#primaryimage\"},\"thumbnailUrl\":\"https:\/\/www.contract-alert.com\/wp-content\/uploads\/2012\/11\/man.jpeg\",\"datePublished\":\"2016-06-21T06:46:49+00:00\",\"dateModified\":\"2016-10-25T13:58:36+00:00\",\"description\":\"Le logiciel de gestion de contrats, Contract Alert, est un logiciel visant \u00e0 optimiser votre processus de gestion de contrats. Essai gratuit !\",\"breadcrumb\":{\"@id\":\"https:\/\/www.contract-alert.com\/fr\/#breadcrumb\"},\"inLanguage\":\"fr-FR\",\"potentialAction\":[{\"@type\":\"ReadAction\",\"target\":[\"https:\/\/www.contract-alert.com\/fr\/\"]}]},{\"@type\":\"ImageObject\",\"inLanguage\":\"fr-FR\",\"@id\":\"https:\/\/www.contract-alert.com\/fr\/#primaryimage\",\"url\":\"https:\/\/www.contract-alert.com\/wp-content\/uploads\/2012\/11\/man.jpeg\",\"contentUrl\":\"https:\/\/www.contract-alert.com\/wp-content\/uploads\/2012\/11\/man.jpeg\",\"width\":\"900\",\"height\":\"468\"},{\"@type\":\"BreadcrumbList\",\"@id\":\"https:\/\/www.contract-alert.com\/fr\/#breadcrumb\",\"itemListElement\":[{\"@type\":\"ListItem\",\"position\":1,\"name\":\"Home\",\"item\":\"https:\/\/www.contract-alert.com\/fr\/\"},{\"@type\":\"ListItem\",\"position\":2,\"name\":\"Logiciel permettant de simplifier la gestion de vos contrats\"}]},{\"@type\":\"WebSite\",\"@id\":\"https:\/\/www.contract-alert.com\/#website\",\"url\":\"https:\/\/www.contract-alert.com\/\",\"name\":\"Contract Alert \u00ae\",\"description\":\"Software to optimize\u00ad your contract administration\",\"potentialAction\":[{\"@type\":\"SearchAction\",\"target\":{\"@type\":\"EntryPoint\",\"urlTemplate\":\"https:\/\/www.contract-alert.com\/?s={search_term_string}\"},\"query-input\":{\"@type\":\"PropertyValueSpecification\",\"valueRequired\":true,\"valueName\":\"search_term_string\"}}],\"inLanguage\":\"fr-FR\"}]}<\/script>\n<!-- \/ Yoast SEO plugin. -->","yoast_head_json":{"title":"Logiciel de gestion de contrats","description":"Le logiciel de gestion de contrats, Contract Alert, est un logiciel visant \u00e0 optimiser votre processus de gestion de contrats. Essai gratuit !","robots":{"index":"index","follow":"follow","max-snippet":"max-snippet:-1","max-image-preview":"max-image-preview:large","max-video-preview":"max-video-preview:-1"},"canonical":"https:\/\/www.contract-alert.com\/fr\/","og_locale":"fr_FR","og_type":"article","og_title":"Logiciel de gestion de contrats","og_description":"Le logiciel de gestion de contrats, Contract Alert, est un logiciel visant \u00e0 optimiser votre processus de gestion de contrats. Essai gratuit !","og_url":"https:\/\/www.contract-alert.com\/fr\/","og_site_name":"Contract Alert \u00ae","article_modified_time":"2016-10-25T13:58:36+00:00","og_image":[{"width":900,"height":468,"url":"https:\/\/www.contract-alert.com\/wp-content\/uploads\/2012\/11\/man.jpeg","type":"image\/jpeg"}],"twitter_card":"summary_large_image","twitter_site":"@contractalert","twitter_misc":{"Dur\u00e9e de lecture estim\u00e9e":"1 minute"},"schema":{"@context":"https:\/\/schema.org","@graph":[{"@type":"WebPage","@id":"https:\/\/www.contract-alert.com\/fr\/","url":"https:\/\/www.contract-alert.com\/fr\/","name":"Logiciel de gestion de contrats","isPartOf":{"@id":"https:\/\/www.contract-alert.com\/#website"},"primaryImageOfPage":{"@id":"https:\/\/www.contract-alert.com\/fr\/#primaryimage"},"image":{"@id":"https:\/\/www.contract-alert.com\/fr\/#primaryimage"},"thumbnailUrl":"https:\/\/www.contract-alert.com\/wp-content\/uploads\/2012\/11\/man.jpeg","datePublished":"2016-06-21T06:46:49+00:00","dateModified":"2016-10-25T13:58:36+00:00","description":"Le logiciel de gestion de contrats, Contract Alert, est un logiciel visant \u00e0 optimiser votre processus de gestion de contrats. Essai gratuit !","breadcrumb":{"@id":"https:\/\/www.contract-alert.com\/fr\/#breadcrumb"},"inLanguage":"fr-FR","potentialAction":[{"@type":"ReadAction","target":["https:\/\/www.contract-alert.com\/fr\/"]}]},{"@type":"ImageObject","inLanguage":"fr-FR","@id":"https:\/\/www.contract-alert.com\/fr\/#primaryimage","url":"https:\/\/www.contract-alert.com\/wp-content\/uploads\/2012\/11\/man.jpeg","contentUrl":"https:\/\/www.contract-alert.com\/wp-content\/uploads\/2012\/11\/man.jpeg","width":"900","height":"468"},{"@type":"BreadcrumbList","@id":"https:\/\/www.contract-alert.com\/fr\/#breadcrumb","itemListElement":[{"@type":"ListItem","position":1,"name":"Home","item":"https:\/\/www.contract-alert.com\/fr\/"},{"@type":"ListItem","position":2,"name":"Logiciel permettant de simplifier la gestion de vos contrats"}]},{"@type":"WebSite","@id":"https:\/\/www.contract-alert.com\/#website","url":"https:\/\/www.contract-alert.com\/","name":"Contract Alert \u00ae","description":"Software to optimize\u00ad your contract administration","potentialAction":[{"@type":"SearchAction","target":{"@type":"EntryPoint","urlTemplate":"https:\/\/www.contract-alert.com\/?s={search_term_string}"},"query-input":{"@type":"PropertyValueSpecification","valueRequired":true,"valueName":"search_term_string"}}],"inLanguage":"fr-FR"}]}},"_links":{"self":[{"href":"https:\/\/www.contract-alert.com\/fr\/wp-json\/wp\/v2\/pages\/113755","targetHints":{"allow":["GET"]}}],"collection":[{"href":"https:\/\/www.contract-alert.com\/fr\/wp-json\/wp\/v2\/pages"}],"about":[{"href":"https:\/\/www.contract-alert.com\/fr\/wp-json\/wp\/v2\/types\/page"}],"author":[{"embeddable":true,"href":"https:\/\/www.contract-alert.com\/fr\/wp-json\/wp\/v2\/users\/3"}],"replies":[{"embeddable":true,"href":"https:\/\/www.contract-alert.com\/fr\/wp-json\/wp\/v2\/comments?post=113755"}],"version-history":[{"count":1,"href":"https:\/\/www.contract-alert.com\/fr\/wp-json\/wp\/v2\/pages\/113755\/revisions"}],"predecessor-version":[{"id":114195,"href":"https:\/\/www.contract-alert.com\/fr\/wp-json\/wp\/v2\/pages\/113755\/revisions\/114195"}],"wp:featuredmedia":[{"embeddable":true,"href":"https:\/\/www.contract-alert.com\/fr\/wp-json\/wp\/v2\/media\/973"}],"wp:attachment":[{"href":"https:\/\/www.contract-alert.com\/fr\/wp-json\/wp\/v2\/media?parent=113755"}],"curies":[{"name":"wp","href":"https:\/\/api.w.org\/{rel}","templated":true}]}}